{"id":22482,"date":"2026-04-07T13:34:48","date_gmt":"2026-04-07T11:34:48","guid":{"rendered":"https:\/\/www.nubeocho.com\/?post_type=product&#038;p=22482"},"modified":"2026-04-15T09:14:44","modified_gmt":"2026-04-15T07:14:44","slug":"22482","status":"publish","type":"product","link":"https:\/\/www.nubeocho.com\/it\/prodotto\/22482\/","title":{"rendered":"Principesse di oggi"},"content":{"rendered":"<p>Quando pensiamo alle principesse ci immaginiamo castelli e fiabe, draghi e fate, ma non tutte appartengono al mondo della fantasia. Intorno a noi ci sono molte principesse che lavorano, inseguono i propri sogni, vivono storie d\u2019amore, si prendono cura degli altri e di s\u00e9 stesse\u2026 Principesse di oggi.<\/p>\n<p>Di sicuro ne conosci qualcuna, magari la cassiera del supermercato, la tua compagna di banco, tua madre, tua nonna o tu stessa sei una principessa!<\/p>\n<p>Ti va di conoscerle meglio? In questo libro troverai le loro fantastiche storie.<\/p>\n","protected":false},"excerpt":{"rendered":"<p>Ti sar\u00e0 certamente capitato di incrociare una principessa. Sono intorno a noi. Non sempre per\u00f2 le riconosciamo perch\u00e9 girano senza corona.<\/p>\n","protected":false},"featured_media":22483,"template":"","meta":[],"product_brand":[],"product_cat":[761,733],"product_tag":[1637],"class_list":{"0":"post-22482","1":"product","2":"type-product","3":"status-publish","4":"has-post-thumbnail","6":"colecciones-collana-egalite-it","7":"edades-4-it","8":"product_cat-albo-illustrato","9":"product_cat-catalogo-it","10":"product_tag-uguaglianza-feminismo-it","12":"first","13":"instock","14":"taxable","15":"shipping-taxable","16":"product-type-simple"},"acf":[],"_links":{"self":[{"href":"https:\/\/www.nubeocho.com\/it\/wp-json\/wp\/v2\/product\/22482","targetHints":{"allow":["GET"]}}],"collection":[{"href":"https:\/\/www.nubeocho.com\/it\/wp-json\/wp\/v2\/product"}],"about":[{"href":"https:\/\/www.nubeocho.com\/it\/wp-json\/wp\/v2\/types\/product"}],"wp:featuredmedia":[{"embeddable":true,"href":"https:\/\/www.nubeocho.com\/it\/wp-json\/wp\/v2\/media\/22483"}],"wp:attachment":[{"href":"https:\/\/www.nubeocho.com\/it\/wp-json\/wp\/v2\/media?parent=22482"}],"wp:term":[{"taxonomy":"product_brand","embeddable":true,"href":"https:\/\/www.nubeocho.com\/it\/wp-json\/wp\/v2\/product_brand?post=22482"},{"taxonomy":"product_cat","embeddable":true,"href":"https:\/\/www.nubeocho.com\/it\/wp-json\/wp\/v2\/product_cat?post=22482"},{"taxonomy":"product_tag","embeddable":true,"href":"https:\/\/www.nubeocho.com\/it\/wp-json\/wp\/v2\/product_tag?post=22482"}],"curies":[{"name":"wp","href":"https:\/\/api.w.org\/{rel}","templated":true}]}}