{"id":22425,"date":"2026-03-26T10:23:33","date_gmt":"2026-03-26T09:23:33","guid":{"rendered":"https:\/\/www.nubeocho.com\/?post_type=product&#038;p=22425"},"modified":"2026-03-26T10:23:33","modified_gmt":"2026-03-26T09:23:33","slug":"ippolito-un-camaleonte-insolito","status":"publish","type":"product","link":"https:\/\/www.nubeocho.com\/it\/prodotto\/ippolito-un-camaleonte-insolito\/","title":{"rendered":"Ippolito, un camaleonte insolito"},"content":{"rendered":"<p>Ippolito \u00e8 diverso da tutti i camaleonti perch\u00e9 la sua pelle, anzich\u00e9 colorata, \u00e8 bianca. Lui vuole essere come gli altri ed \u00e8 disposto a tutto pur di diventarlo: si colora le squame, si sfinisce con la caccia alle mosche\u2026 Ma nulla sembra funzionare come sperava. Scoprir\u00e0 cosa gli serve per piacere agli altri? E conta davvero cos\u00ec tanto?<\/p>\n","protected":false},"excerpt":{"rendered":"<p>Ippolito vuole essere di un colore acceso come gli altri camaleonti, ma \u00e8 completamente bianco. Fino a dove si spinger\u00e0 per essere come gli altri?<\/p>\n","protected":false},"featured_media":22426,"template":"","meta":[],"product_brand":[],"product_cat":[761,733],"product_tag":[1616,1622,1637],"class_list":{"0":"post-22425","1":"product","2":"type-product","3":"status-publish","4":"has-post-thumbnail","6":"colecciones-collana-siamo8-it","7":"edades-3-ita","8":"product_cat-albo-illustrato","9":"product_cat-catalogo-it","10":"product_tag-diversita-it","11":"product_tag-emozioni-it","12":"product_tag-uguaglianza-feminismo-it","14":"first","15":"instock","16":"taxable","17":"shipping-taxable","18":"product-type-simple"},"acf":[],"_links":{"self":[{"href":"https:\/\/www.nubeocho.com\/it\/wp-json\/wp\/v2\/product\/22425","targetHints":{"allow":["GET"]}}],"collection":[{"href":"https:\/\/www.nubeocho.com\/it\/wp-json\/wp\/v2\/product"}],"about":[{"href":"https:\/\/www.nubeocho.com\/it\/wp-json\/wp\/v2\/types\/product"}],"wp:featuredmedia":[{"embeddable":true,"href":"https:\/\/www.nubeocho.com\/it\/wp-json\/wp\/v2\/media\/22426"}],"wp:attachment":[{"href":"https:\/\/www.nubeocho.com\/it\/wp-json\/wp\/v2\/media?parent=22425"}],"wp:term":[{"taxonomy":"product_brand","embeddable":true,"href":"https:\/\/www.nubeocho.com\/it\/wp-json\/wp\/v2\/product_brand?post=22425"},{"taxonomy":"product_cat","embeddable":true,"href":"https:\/\/www.nubeocho.com\/it\/wp-json\/wp\/v2\/product_cat?post=22425"},{"taxonomy":"product_tag","embeddable":true,"href":"https:\/\/www.nubeocho.com\/it\/wp-json\/wp\/v2\/product_tag?post=22425"}],"curies":[{"name":"wp","href":"https:\/\/api.w.org\/{rel}","templated":true}]}}