{"id":22322,"date":"2026-03-04T10:42:49","date_gmt":"2026-03-04T09:42:49","guid":{"rendered":"https:\/\/www.nubeocho.com\/?post_type=product&#038;p=22322"},"modified":"2026-03-04T10:42:49","modified_gmt":"2026-03-04T09:42:49","slug":"il-blackout","status":"publish","type":"product","link":"https:\/\/www.nubeocho.com\/it\/prodotto\/il-blackout\/","title":{"rendered":"Il blackout"},"content":{"rendered":"<p>Questa \u00e8 la storia di Paula, della sua cagnolina e di suo pap\u00e0. \u00c8 anche la storia delle sue vicine e dei suoi vicini. Il blackout arriv\u00f2 all\u2019improvviso. L\u2019edificio rest\u00f2 al buio, Felipe non fece merenda guardando la tv e il pap\u00e0 di Paula non lavor\u00f2 al computer n\u00e9 us\u00f2 il telefono\u2026 Mancava la luce, ma Paula, Saida, Felipe e Luna non rinunciarono a giocare e trascorsero un pomeriggio indimenticabile.<\/p>\n<p><strong>Una storia sull&#8217;importanza della disconnessione digitale.<\/strong> Da uno degli autori di \u201cEvviva le unghie colorate!<\/p>\n<p>&nbsp;<\/p>\n","protected":false},"excerpt":{"rendered":"<p>Rimasero tutti al buio. Senza elettricit\u00e0, telefoni e televisione, le candele illuminarono per alcune ore la vita di Paula, della sua cagnolina Luna e dei suoi vicini.<\/p>\n","protected":false},"featured_media":22323,"template":"","meta":[],"product_brand":[],"product_cat":[761,733],"product_tag":[1628,1646],"class_list":{"0":"post-22322","1":"product","2":"type-product","3":"status-publish","4":"has-post-thumbnail","6":"colecciones-collana-siamo8-it","7":"edades-3-ita","8":"product_cat-albo-illustrato","9":"product_cat-catalogo-it","10":"product_tag-famiglia-it","11":"product_tag-per-riflettere-it","13":"first","14":"instock","15":"taxable","16":"shipping-taxable","17":"product-type-simple"},"acf":[],"_links":{"self":[{"href":"https:\/\/www.nubeocho.com\/it\/wp-json\/wp\/v2\/product\/22322","targetHints":{"allow":["GET"]}}],"collection":[{"href":"https:\/\/www.nubeocho.com\/it\/wp-json\/wp\/v2\/product"}],"about":[{"href":"https:\/\/www.nubeocho.com\/it\/wp-json\/wp\/v2\/types\/product"}],"wp:featuredmedia":[{"embeddable":true,"href":"https:\/\/www.nubeocho.com\/it\/wp-json\/wp\/v2\/media\/22323"}],"wp:attachment":[{"href":"https:\/\/www.nubeocho.com\/it\/wp-json\/wp\/v2\/media?parent=22322"}],"wp:term":[{"taxonomy":"product_brand","embeddable":true,"href":"https:\/\/www.nubeocho.com\/it\/wp-json\/wp\/v2\/product_brand?post=22322"},{"taxonomy":"product_cat","embeddable":true,"href":"https:\/\/www.nubeocho.com\/it\/wp-json\/wp\/v2\/product_cat?post=22322"},{"taxonomy":"product_tag","embeddable":true,"href":"https:\/\/www.nubeocho.com\/it\/wp-json\/wp\/v2\/product_tag?post=22322"}],"curies":[{"name":"wp","href":"https:\/\/api.w.org\/{rel}","templated":true}]}}