{"id":22233,"date":"2026-02-18T10:43:01","date_gmt":"2026-02-18T09:43:01","guid":{"rendered":"https:\/\/www.nubeocho.com\/?post_type=product&#038;p=22233"},"modified":"2026-02-18T10:43:02","modified_gmt":"2026-02-18T09:43:02","slug":"dove-la-mia-scopa","status":"publish","type":"product","link":"https:\/\/www.nubeocho.com\/it\/prodotto\/dove-la-mia-scopa\/","title":{"rendered":"Dov\u2019\u00e8 la mia scopa?"},"content":{"rendered":"<p>La strega Simona ha perso la sua scopa. Senza di lei non pu\u00f2 volare n\u00e9 scappare dall\u2019enorme orco che l\u2019insegue. Chiede a un vampiretto, a Frankenstein e a un mostriciattolo, ma nessuno sa dov\u2019\u00e8. Quando l\u2019orco la sta per catturare, cerca rifugio in una caverna. Ma dove sar\u00e0 la sua scopa?<\/p>\n<p><strong>\u00a0<\/strong>Dell\u2019illustratrice del best seller <em>Il filo invisibile<\/em>, con pi\u00f9 di 150.000 lettori.<\/p>\n<p>Un magico racconto e un sorprendente finale: non bisogna lasciarsi ingannare dalle apparenze.<\/p>\n","protected":false},"excerpt":{"rendered":"<p>\u201cAiutooo. Dov\u2019\u00e8 la mia scopa?\u201d, chiede la strega Simona ai mostri e alle mostre che incrocia in fuga dall\u2019enorme orco. Nessuno per\u00f2 ha visto la sua scopa.<\/p>\n","protected":false},"featured_media":22234,"template":"","meta":[],"product_brand":[],"product_cat":[761,733],"product_tag":[1646,1634],"class_list":{"0":"post-22233","1":"product","2":"type-product","3":"status-publish","4":"has-post-thumbnail","6":"colecciones-collana-siamo8-it","7":"edades-3-ita","8":"product_cat-albo-illustrato","9":"product_cat-catalogo-it","10":"product_tag-per-riflettere-it","11":"product_tag-umorismo-it","13":"first","14":"instock","15":"taxable","16":"shipping-taxable","17":"product-type-simple"},"acf":[],"_links":{"self":[{"href":"https:\/\/www.nubeocho.com\/it\/wp-json\/wp\/v2\/product\/22233","targetHints":{"allow":["GET"]}}],"collection":[{"href":"https:\/\/www.nubeocho.com\/it\/wp-json\/wp\/v2\/product"}],"about":[{"href":"https:\/\/www.nubeocho.com\/it\/wp-json\/wp\/v2\/types\/product"}],"wp:featuredmedia":[{"embeddable":true,"href":"https:\/\/www.nubeocho.com\/it\/wp-json\/wp\/v2\/media\/22234"}],"wp:attachment":[{"href":"https:\/\/www.nubeocho.com\/it\/wp-json\/wp\/v2\/media?parent=22233"}],"wp:term":[{"taxonomy":"product_brand","embeddable":true,"href":"https:\/\/www.nubeocho.com\/it\/wp-json\/wp\/v2\/product_brand?post=22233"},{"taxonomy":"product_cat","embeddable":true,"href":"https:\/\/www.nubeocho.com\/it\/wp-json\/wp\/v2\/product_cat?post=22233"},{"taxonomy":"product_tag","embeddable":true,"href":"https:\/\/www.nubeocho.com\/it\/wp-json\/wp\/v2\/product_tag?post=22233"}],"curies":[{"name":"wp","href":"https:\/\/api.w.org\/{rel}","templated":true}]}}