{"id":21894,"date":"2025-10-24T10:43:16","date_gmt":"2025-10-24T08:43:16","guid":{"rendered":"https:\/\/www.nubeocho.com\/?post_type=product&#038;p=21894"},"modified":"2025-10-24T10:43:16","modified_gmt":"2025-10-24T08:43:16","slug":"la-nostra-liberta","status":"publish","type":"product","link":"https:\/\/www.nubeocho.com\/it\/prodotto\/la-nostra-liberta\/","title":{"rendered":"La nostra libert\u00e0"},"content":{"rendered":"<p>Sapevi che siamo tutti liberi, e che siamo nati con le ali? Imparare a volare richiede tempo e dedizione. La cosa pi\u00f9 importante per far s\u00ec che le nostre ali non si rompano \u00e8 avere cura di noi stessi e degli altri.<\/p>\n<p>Essere liberi, infatti, non significa fare ci\u00f2 che si vuole, ma imparare che le nostre azioni hanno delle conseguenze. Tutte le persone che ci circondano hanno il diritto di muovere le proprie ali come vogliono. Ascoltarle e rispettarle ci rende liberi!<\/p>\n<p>Un\u2019ode alla libert\u00e0 nel suo senso pi\u00f9 profondo.<\/p>\n","protected":false},"excerpt":{"rendered":"<p>Tutti crediamo di sapere cosa significhi essere liberi, ma \u00e8 molto pi\u00f9 di quello che pensiamo. La vera libert\u00e0 sta nel saper ascoltare, rispettare e condividere con gli altri.<\/p>\n","protected":false},"featured_media":21895,"template":"","meta":[],"product_brand":[],"product_cat":[761,733],"product_tag":[1616,1622,1646],"class_list":{"0":"post-21894","1":"product","2":"type-product","3":"status-publish","4":"has-post-thumbnail","6":"colecciones-collana-siamo8-it","7":"edades-4-it","8":"product_cat-albo-illustrato","9":"product_cat-catalogo-it","10":"product_tag-diversita-it","11":"product_tag-emozioni-it","12":"product_tag-per-riflettere-it","14":"first","15":"instock","16":"taxable","17":"shipping-taxable","18":"product-type-simple"},"acf":[],"_links":{"self":[{"href":"https:\/\/www.nubeocho.com\/it\/wp-json\/wp\/v2\/product\/21894","targetHints":{"allow":["GET"]}}],"collection":[{"href":"https:\/\/www.nubeocho.com\/it\/wp-json\/wp\/v2\/product"}],"about":[{"href":"https:\/\/www.nubeocho.com\/it\/wp-json\/wp\/v2\/types\/product"}],"wp:featuredmedia":[{"embeddable":true,"href":"https:\/\/www.nubeocho.com\/it\/wp-json\/wp\/v2\/media\/21895"}],"wp:attachment":[{"href":"https:\/\/www.nubeocho.com\/it\/wp-json\/wp\/v2\/media?parent=21894"}],"wp:term":[{"taxonomy":"product_brand","embeddable":true,"href":"https:\/\/www.nubeocho.com\/it\/wp-json\/wp\/v2\/product_brand?post=21894"},{"taxonomy":"product_cat","embeddable":true,"href":"https:\/\/www.nubeocho.com\/it\/wp-json\/wp\/v2\/product_cat?post=21894"},{"taxonomy":"product_tag","embeddable":true,"href":"https:\/\/www.nubeocho.com\/it\/wp-json\/wp\/v2\/product_tag?post=21894"}],"curies":[{"name":"wp","href":"https:\/\/api.w.org\/{rel}","templated":true}]}}