{"id":21471,"date":"2025-08-27T11:47:37","date_gmt":"2025-08-27T09:47:37","guid":{"rendered":"https:\/\/www.nubeocho.com\/?post_type=product&#038;p=21471"},"modified":"2025-09-24T12:41:42","modified_gmt":"2025-09-24T10:41:42","slug":"superfede","status":"publish","type":"product","link":"https:\/\/www.nubeocho.com\/it\/prodotto\/superfede\/","title":{"rendered":"SuperFede"},"content":{"rendered":"<p>SuperFede \u00e8 sempre impegnato ad aiutare tutti e a vigilare che non accada mai niente di brutto per le strade della citt\u00e0. Ma il suo supercostume si rompe e deve farlo sistemare, cos\u00ec si prende un giorno di riposo. Allora scopre che ama i fiori e che gli piace giocare al parco con altre bambine e bambini, disegnare e ballare. Non vuole rinunciare a tutte le cose che gli piacciono solo perch\u00e9 non sono cose da supereroi. Perch\u00e9 i supereroi non possono essere supercoraggiosi e supersensibili allo stesso tempo?<\/p>\n","protected":false},"excerpt":{"rendered":"<p>SuperFede ha un grosso dubbio: pu\u00f2 un bambino supereroe essere coraggioso, avere una superforza e allo stesso tempo divertirsi a ballare e dipingere?<\/p>\n","protected":false},"featured_media":21473,"template":"","meta":[],"product_brand":[],"product_cat":[761,733],"product_tag":[1622,1640],"class_list":{"0":"post-21471","1":"product","2":"type-product","3":"status-publish","4":"has-post-thumbnail","6":"colecciones-collana-egalite-it","7":"edades-3-ita","8":"product_cat-albo-illustrato","9":"product_cat-catalogo-it","10":"product_tag-emozioni-it","11":"product_tag-paure-it","13":"first","14":"instock","15":"taxable","16":"shipping-taxable","17":"product-type-simple"},"acf":[],"_links":{"self":[{"href":"https:\/\/www.nubeocho.com\/it\/wp-json\/wp\/v2\/product\/21471","targetHints":{"allow":["GET"]}}],"collection":[{"href":"https:\/\/www.nubeocho.com\/it\/wp-json\/wp\/v2\/product"}],"about":[{"href":"https:\/\/www.nubeocho.com\/it\/wp-json\/wp\/v2\/types\/product"}],"wp:featuredmedia":[{"embeddable":true,"href":"https:\/\/www.nubeocho.com\/it\/wp-json\/wp\/v2\/media\/21473"}],"wp:attachment":[{"href":"https:\/\/www.nubeocho.com\/it\/wp-json\/wp\/v2\/media?parent=21471"}],"wp:term":[{"taxonomy":"product_brand","embeddable":true,"href":"https:\/\/www.nubeocho.com\/it\/wp-json\/wp\/v2\/product_brand?post=21471"},{"taxonomy":"product_cat","embeddable":true,"href":"https:\/\/www.nubeocho.com\/it\/wp-json\/wp\/v2\/product_cat?post=21471"},{"taxonomy":"product_tag","embeddable":true,"href":"https:\/\/www.nubeocho.com\/it\/wp-json\/wp\/v2\/product_tag?post=21471"}],"curies":[{"name":"wp","href":"https:\/\/api.w.org\/{rel}","templated":true}]}}