{"id":21458,"date":"2025-08-27T10:35:53","date_gmt":"2025-08-27T08:35:53","guid":{"rendered":"https:\/\/www.nubeocho.com\/?post_type=product&#038;p=21458"},"modified":"2025-09-24T12:42:27","modified_gmt":"2025-09-24T10:42:27","slug":"il-pirata-malacacca","status":"publish","type":"product","link":"https:\/\/www.nubeocho.com\/it\/prodotto\/il-pirata-malacacca\/","title":{"rendered":"Il pirata Malacacca"},"content":{"rendered":"<p>Il pirata Malacacca fa puzzette in continuazione e, quel che \u00e8 peggio, le fa proprio dappertutto. \u00c8 un vero tormento! I suoi pirati se la ridono di gusto e lui \u00e8 convinto di essere un puzzone senza speranza. Ma ha un\u2019idea grandiosa: un po\u2019 alla volta inizia a usare le sue ventosit\u00e0 come arma in battaglia e sconfigge ogni avversario. Un bel giorno conosce Elisa Testarosa, la piratessa pi\u00f9 temuta dei sette mari, e lei gli d\u00e0 un consiglio\u2026 Riuscir\u00e0 Malacacca ad andare di nuovo in bagno e a dire addio alla sua solita aria imbronciata?<\/p>\n","protected":false},"excerpt":{"rendered":"<p>Il pirata Malacacca ha sempre il broncio e una pancia che \u00e8 uno stagno: il suo vero problema \u00e8 che non va mai al bagno. Le sue puzzette sono come una tempesta e lui vorrebbe solo nascondere la testa.<\/p>\n","protected":false},"featured_media":21459,"template":"","meta":[],"product_brand":[],"product_cat":[761,733],"product_tag":[1603,1625,1634],"class_list":{"0":"post-21458","1":"product","2":"type-product","3":"status-publish","4":"has-post-thumbnail","6":"colecciones-collana-siamo8-it","7":"edades-4-it","8":"product_cat-albo-illustrato","9":"product_cat-catalogo-it","10":"product_tag-amicizia-it-2","11":"product_tag-escatologico-it","12":"product_tag-umorismo-it","14":"first","15":"instock","16":"taxable","17":"shipping-taxable","18":"product-type-simple"},"acf":[],"_links":{"self":[{"href":"https:\/\/www.nubeocho.com\/it\/wp-json\/wp\/v2\/product\/21458","targetHints":{"allow":["GET"]}}],"collection":[{"href":"https:\/\/www.nubeocho.com\/it\/wp-json\/wp\/v2\/product"}],"about":[{"href":"https:\/\/www.nubeocho.com\/it\/wp-json\/wp\/v2\/types\/product"}],"wp:featuredmedia":[{"embeddable":true,"href":"https:\/\/www.nubeocho.com\/it\/wp-json\/wp\/v2\/media\/21459"}],"wp:attachment":[{"href":"https:\/\/www.nubeocho.com\/it\/wp-json\/wp\/v2\/media?parent=21458"}],"wp:term":[{"taxonomy":"product_brand","embeddable":true,"href":"https:\/\/www.nubeocho.com\/it\/wp-json\/wp\/v2\/product_brand?post=21458"},{"taxonomy":"product_cat","embeddable":true,"href":"https:\/\/www.nubeocho.com\/it\/wp-json\/wp\/v2\/product_cat?post=21458"},{"taxonomy":"product_tag","embeddable":true,"href":"https:\/\/www.nubeocho.com\/it\/wp-json\/wp\/v2\/product_tag?post=21458"}],"curies":[{"name":"wp","href":"https:\/\/api.w.org\/{rel}","templated":true}]}}