{"id":21249,"date":"2025-04-30T14:35:41","date_gmt":"2025-04-30T12:35:41","guid":{"rendered":"https:\/\/www.nubeocho.com\/?post_type=product&#038;p=21249"},"modified":"2025-04-30T14:47:44","modified_gmt":"2025-04-30T12:47:44","slug":"banana-express","status":"publish","type":"product","link":"https:\/\/www.nubeocho.com\/it\/prodotto\/banana-express\/","title":{"rendered":"Banana Express"},"content":{"rendered":"<p>Scimmia diventa ricca grazie alla sua attivit\u00e0 di consegna a domicilio nella foresta: <em>Banana Express<\/em>. Gli animali passano cos\u00ec tanto tempo al computer, al tablet o al telefono che non si preoccupano nemmeno di cacciare o di procurarsi il cibo.<\/p>\n<p>La scimmia non smette mai di lavorare, ogni giorno riceve moltissimi ordini ma\u2026 \u00e8 sempre pi\u00f9 stanca e le manca sedersi in riva al fiume e mangiarsi una banana in tranquillit\u00e0 con il suo amico Ippopotamo.<\/p>\n","protected":false},"excerpt":{"rendered":"<p>Gli animali della foresta non si staccano mai dai loro tablet, telefoni, videogiochi\u2026 al punto da dimenticarsi perfino di mangiare! Cos\u00ec Scimmia ha un&#8217;idea grandiosa: <em>Banana<\/em> <em>Express<\/em>, un servizio di cibo a domicilio.<\/p>\n","protected":false},"featured_media":21267,"template":"","meta":[],"product_brand":[],"product_cat":[761,733],"product_tag":[1603,1646,1634],"class_list":{"0":"post-21249","1":"product","2":"type-product","3":"status-publish","4":"has-post-thumbnail","6":"colecciones-collana-siamo8-it","7":"edades-3-ita","8":"product_cat-albo-illustrato","9":"product_cat-catalogo-it","10":"product_tag-amicizia-it-2","11":"product_tag-per-riflettere-it","12":"product_tag-umorismo-it","14":"first","15":"instock","16":"taxable","17":"shipping-taxable","18":"product-type-simple"},"acf":[],"_links":{"self":[{"href":"https:\/\/www.nubeocho.com\/it\/wp-json\/wp\/v2\/product\/21249","targetHints":{"allow":["GET"]}}],"collection":[{"href":"https:\/\/www.nubeocho.com\/it\/wp-json\/wp\/v2\/product"}],"about":[{"href":"https:\/\/www.nubeocho.com\/it\/wp-json\/wp\/v2\/types\/product"}],"wp:featuredmedia":[{"embeddable":true,"href":"https:\/\/www.nubeocho.com\/it\/wp-json\/wp\/v2\/media\/21267"}],"wp:attachment":[{"href":"https:\/\/www.nubeocho.com\/it\/wp-json\/wp\/v2\/media?parent=21249"}],"wp:term":[{"taxonomy":"product_brand","embeddable":true,"href":"https:\/\/www.nubeocho.com\/it\/wp-json\/wp\/v2\/product_brand?post=21249"},{"taxonomy":"product_cat","embeddable":true,"href":"https:\/\/www.nubeocho.com\/it\/wp-json\/wp\/v2\/product_cat?post=21249"},{"taxonomy":"product_tag","embeddable":true,"href":"https:\/\/www.nubeocho.com\/it\/wp-json\/wp\/v2\/product_tag?post=21249"}],"curies":[{"name":"wp","href":"https:\/\/api.w.org\/{rel}","templated":true}]}}