{"id":21089,"date":"2025-04-01T14:41:23","date_gmt":"2025-04-01T12:41:23","guid":{"rendered":"https:\/\/www.nubeocho.com\/?post_type=product&#038;p=21089"},"modified":"2025-04-01T14:41:23","modified_gmt":"2025-04-01T12:41:23","slug":"il-tetto-di-gianvito","status":"publish","type":"product","link":"https:\/\/www.nubeocho.com\/it\/prodotto\/il-tetto-di-gianvito\/","title":{"rendered":"Il tetto di Gianvito"},"content":{"rendered":"<p>Il tetto di Gianvito \u00e8 il preferito di Gatto, che si diverte a passeggiare di tegola in tegola. Ma\u2026 aspetta un attimo! \u00c8 anche il tetto preferito di Topo. E di Volpe, e di Scoiattolina, e di Gufo, Falena, Riccino, Riccina, Riccio e Pulce.<\/p>\n<p>Si ritrovano tutti insieme sul tetto e non sono per niente contenti di doverlo condividere. La loro discussione si fa sempre pi\u00f9 animata, finch\u00e9 non sentono un fortissimo\u2026 CRAC!<\/p>\n","protected":false},"excerpt":{"rendered":"<p>Il tetto della casa di Gianvito \u00e8 il preferito di tanti animali, ma ognuno di loro cerca di averlo tutto per s\u00e9. Il tetto \u00e8 talmente affollato che non ci sta pi\u00f9 nemmeno una pulce. Continueranno a litigare o troveranno un modo per condividerlo?<\/p>\n","protected":false},"featured_media":21097,"template":"","meta":[],"product_brand":[],"product_cat":[761,733],"product_tag":[1603,1616,1634],"class_list":{"0":"post-21089","1":"product","2":"type-product","3":"status-publish","4":"has-post-thumbnail","6":"colecciones-collana-siamo8-it","7":"edades-3-ita","8":"product_cat-albo-illustrato","9":"product_cat-catalogo-it","10":"product_tag-amicizia-it-2","11":"product_tag-diversita-it","12":"product_tag-umorismo-it","14":"first","15":"instock","16":"taxable","17":"shipping-taxable","18":"product-type-simple"},"acf":[],"_links":{"self":[{"href":"https:\/\/www.nubeocho.com\/it\/wp-json\/wp\/v2\/product\/21089","targetHints":{"allow":["GET"]}}],"collection":[{"href":"https:\/\/www.nubeocho.com\/it\/wp-json\/wp\/v2\/product"}],"about":[{"href":"https:\/\/www.nubeocho.com\/it\/wp-json\/wp\/v2\/types\/product"}],"wp:featuredmedia":[{"embeddable":true,"href":"https:\/\/www.nubeocho.com\/it\/wp-json\/wp\/v2\/media\/21097"}],"wp:attachment":[{"href":"https:\/\/www.nubeocho.com\/it\/wp-json\/wp\/v2\/media?parent=21089"}],"wp:term":[{"taxonomy":"product_brand","embeddable":true,"href":"https:\/\/www.nubeocho.com\/it\/wp-json\/wp\/v2\/product_brand?post=21089"},{"taxonomy":"product_cat","embeddable":true,"href":"https:\/\/www.nubeocho.com\/it\/wp-json\/wp\/v2\/product_cat?post=21089"},{"taxonomy":"product_tag","embeddable":true,"href":"https:\/\/www.nubeocho.com\/it\/wp-json\/wp\/v2\/product_tag?post=21089"}],"curies":[{"name":"wp","href":"https:\/\/api.w.org\/{rel}","templated":true}]}}