{"id":20901,"date":"2025-02-02T12:39:56","date_gmt":"2025-02-02T11:39:56","guid":{"rendered":"https:\/\/www.nubeocho.com\/?post_type=product&#038;p=20901"},"modified":"2025-02-27T12:46:42","modified_gmt":"2025-02-27T11:46:42","slug":"talpa-esci-fuori","status":"publish","type":"product","link":"https:\/\/www.nubeocho.com\/it\/prodotto\/talpa-esci-fuori\/","title":{"rendered":"Talpa, esci fuori!"},"content":{"rendered":"<p>Impaurito dopo una brutta avventura, Talpa decide di barricarsi in casa.<br \/>\nI suoi amici Procione, Orso, Tasso, Castoro e Scoiattolina cercano in tutti i modi di convincerlo a uscire, senza successo.<br \/>\nA quel punto, decidono di escogitare un piano\u2026 riusciranno a tirarlo fuori dalla sua tana?<\/p>\n","protected":false},"excerpt":{"rendered":"<p>Talpa ha paura, cos\u00ec tanta paura che non vuole saperne di uscire di casa. I suoi amici provano a proporgli le attivit\u00e0 pi\u00f9 disparate, ma niente da fare: Talpa si sente al sicuro soltanto nella sua tana.<\/p>\n","protected":false},"featured_media":20902,"template":"","meta":[],"product_brand":[],"product_cat":[761,733],"product_tag":[1603,1622,1640],"class_list":{"0":"post-20901","1":"product","2":"type-product","3":"status-publish","4":"has-post-thumbnail","6":"colecciones-collana-siamo8-it","7":"edades-3-ita","8":"product_cat-albo-illustrato","9":"product_cat-catalogo-it","10":"product_tag-amicizia-it-2","11":"product_tag-emozioni-it","12":"product_tag-paure-it","14":"first","15":"instock","16":"taxable","17":"shipping-taxable","18":"product-type-simple"},"acf":[],"_links":{"self":[{"href":"https:\/\/www.nubeocho.com\/it\/wp-json\/wp\/v2\/product\/20901","targetHints":{"allow":["GET"]}}],"collection":[{"href":"https:\/\/www.nubeocho.com\/it\/wp-json\/wp\/v2\/product"}],"about":[{"href":"https:\/\/www.nubeocho.com\/it\/wp-json\/wp\/v2\/types\/product"}],"wp:featuredmedia":[{"embeddable":true,"href":"https:\/\/www.nubeocho.com\/it\/wp-json\/wp\/v2\/media\/20902"}],"wp:attachment":[{"href":"https:\/\/www.nubeocho.com\/it\/wp-json\/wp\/v2\/media?parent=20901"}],"wp:term":[{"taxonomy":"product_brand","embeddable":true,"href":"https:\/\/www.nubeocho.com\/it\/wp-json\/wp\/v2\/product_brand?post=20901"},{"taxonomy":"product_cat","embeddable":true,"href":"https:\/\/www.nubeocho.com\/it\/wp-json\/wp\/v2\/product_cat?post=20901"},{"taxonomy":"product_tag","embeddable":true,"href":"https:\/\/www.nubeocho.com\/it\/wp-json\/wp\/v2\/product_tag?post=20901"}],"curies":[{"name":"wp","href":"https:\/\/api.w.org\/{rel}","templated":true}]}}