{"id":20806,"date":"2025-02-03T11:42:48","date_gmt":"2025-02-03T10:42:48","guid":{"rendered":"https:\/\/www.nubeocho.com\/?post_type=product&#038;p=20806"},"modified":"2025-02-27T12:45:38","modified_gmt":"2025-02-27T11:45:38","slug":"non-voglio-andare-a-scuola","status":"publish","type":"product","link":"https:\/\/www.nubeocho.com\/it\/prodotto\/non-voglio-andare-a-scuola\/","title":{"rendered":"Non voglio andare a scuola"},"content":{"rendered":"<p>Giona pensa che andare all\u2019asilo come sua sorella Lena sia decisamente pi\u00f9 divertente che andare a scuola. Presto, per\u00f2, si ritrova circondato da bambini piagnucolosi e con il moccio al naso che non fanno altro che rubare i suoi giocattoli.<br \/>\nA quel punto, decide di andare a lavorare come mamma e pap\u00e0, convinto che la loro vita sia pi\u00f9 avvincente della sua. In realt\u00e0, hanno tantissimi impegni e fanno un sacco di cose noiose.<br \/>\nDopo una lunga e frenetica giornata, Giona \u00e8 stanchissimo: forse andare a la scuola non \u00e8 poi cos\u00ec male\u2026<\/p>\n","protected":false},"excerpt":{"rendered":"<p>Giona ne \u00e8 sicuro al 100%: andare a scuola \u00e8 una noia mortale. Preferirebbe andare all\u2019asilo come la sorella Lena, o a lavoro come mamma e pap\u00e0. Ma siamo davvero sicuri che sia pi\u00f9 divertente dalla scuola?<\/p>\n","protected":false},"featured_media":20808,"template":"","meta":[],"product_brand":[],"product_cat":[761,733],"product_tag":[1607,1622,1628],"class_list":{"0":"post-20806","1":"product","2":"type-product","3":"status-publish","4":"has-post-thumbnail","6":"colecciones-collana-siamo8-it","7":"edades-4-it","8":"product_cat-albo-illustrato","9":"product_cat-catalogo-it","10":"product_tag-autori-internazionali-it","11":"product_tag-emozioni-it","12":"product_tag-famiglia-it","14":"first","15":"instock","16":"taxable","17":"shipping-taxable","18":"product-type-simple"},"acf":[],"_links":{"self":[{"href":"https:\/\/www.nubeocho.com\/it\/wp-json\/wp\/v2\/product\/20806","targetHints":{"allow":["GET"]}}],"collection":[{"href":"https:\/\/www.nubeocho.com\/it\/wp-json\/wp\/v2\/product"}],"about":[{"href":"https:\/\/www.nubeocho.com\/it\/wp-json\/wp\/v2\/types\/product"}],"wp:featuredmedia":[{"embeddable":true,"href":"https:\/\/www.nubeocho.com\/it\/wp-json\/wp\/v2\/media\/20808"}],"wp:attachment":[{"href":"https:\/\/www.nubeocho.com\/it\/wp-json\/wp\/v2\/media?parent=20806"}],"wp:term":[{"taxonomy":"product_brand","embeddable":true,"href":"https:\/\/www.nubeocho.com\/it\/wp-json\/wp\/v2\/product_brand?post=20806"},{"taxonomy":"product_cat","embeddable":true,"href":"https:\/\/www.nubeocho.com\/it\/wp-json\/wp\/v2\/product_cat?post=20806"},{"taxonomy":"product_tag","embeddable":true,"href":"https:\/\/www.nubeocho.com\/it\/wp-json\/wp\/v2\/product_tag?post=20806"}],"curies":[{"name":"wp","href":"https:\/\/api.w.org\/{rel}","templated":true}]}}