{"id":20282,"date":"2024-10-01T08:33:48","date_gmt":"2024-10-01T06:33:48","guid":{"rendered":"https:\/\/www.nubeocho.com\/?post_type=product&#038;p=20282"},"modified":"2024-12-27T08:33:31","modified_gmt":"2024-12-27T07:33:31","slug":"quella-volta-che-mi-sono-trasformata-in-un-lombrico","status":"publish","type":"product","link":"https:\/\/www.nubeocho.com\/it\/prodotto\/quella-volta-che-mi-sono-trasformata-in-un-lombrico\/","title":{"rendered":"Quella volta che sono diventata un lombrico"},"content":{"rendered":"<p>Rita stava giocando in giardino, quando all\u2019improvviso\u2026 si \u00e8 trasformata in un lombrico! Adesso le tocca strisciare per terra e le piante che la circondano le sembrano enormi. Mentre si chiede cosa sar\u00e0 mai successo cercando di ritrasformarsi in una bambina, conosce la cavalletta Grog, che le presenta la scarafaggia Lu e la formica Lila. Le sue nuove amiche la aiuteranno ad arrivare a Boscopatata, dove abita il Delombricatore, l\u2019unico in grado di farla tornare come prima. Prima, per\u00f2, dovranno affrontare una serie di prove: decifrare indovinelli, scovare la strada giusta su una mappa, seguire indizi e risolvere misteri.<\/p>\n","protected":false},"excerpt":{"rendered":"<p>Rita si \u00e8 trasformata in un lombrico. Cosa sar\u00e0 mai successo? Rita non vuole essere un lombrico, vuole essere una bambina. Come far\u00e0 adesso?<\/p>\n","protected":false},"featured_media":20362,"template":"","meta":[],"product_brand":[],"product_cat":[761,733],"product_tag":[1603],"class_list":{"0":"post-20282","1":"product","2":"type-product","3":"status-publish","4":"has-post-thumbnail","6":"colecciones-collana-siamo8-it","7":"edades-4-it","8":"product_cat-albo-illustrato","9":"product_cat-catalogo-it","10":"product_tag-amicizia-it-2","12":"first","13":"instock","14":"taxable","15":"shipping-taxable","16":"product-type-simple"},"acf":[],"_links":{"self":[{"href":"https:\/\/www.nubeocho.com\/it\/wp-json\/wp\/v2\/product\/20282","targetHints":{"allow":["GET"]}}],"collection":[{"href":"https:\/\/www.nubeocho.com\/it\/wp-json\/wp\/v2\/product"}],"about":[{"href":"https:\/\/www.nubeocho.com\/it\/wp-json\/wp\/v2\/types\/product"}],"wp:featuredmedia":[{"embeddable":true,"href":"https:\/\/www.nubeocho.com\/it\/wp-json\/wp\/v2\/media\/20362"}],"wp:attachment":[{"href":"https:\/\/www.nubeocho.com\/it\/wp-json\/wp\/v2\/media?parent=20282"}],"wp:term":[{"taxonomy":"product_brand","embeddable":true,"href":"https:\/\/www.nubeocho.com\/it\/wp-json\/wp\/v2\/product_brand?post=20282"},{"taxonomy":"product_cat","embeddable":true,"href":"https:\/\/www.nubeocho.com\/it\/wp-json\/wp\/v2\/product_cat?post=20282"},{"taxonomy":"product_tag","embeddable":true,"href":"https:\/\/www.nubeocho.com\/it\/wp-json\/wp\/v2\/product_tag?post=20282"}],"curies":[{"name":"wp","href":"https:\/\/api.w.org\/{rel}","templated":true}]}}