{"id":20082,"date":"2024-09-02T12:50:48","date_gmt":"2024-09-02T10:50:48","guid":{"rendered":"https:\/\/www.nubeocho.com\/?post_type=product&#038;p=20082"},"modified":"2024-12-26T08:35:42","modified_gmt":"2024-12-26T07:35:42","slug":"il-tesoro-dei-dinosauri","status":"publish","type":"product","link":"https:\/\/www.nubeocho.com\/it\/prodotto\/il-tesoro-dei-dinosauri\/","title":{"rendered":"Il tesoro dei dinosauri"},"content":{"rendered":"<p>Il piccolo pirata Serafino e il suo equipaggio partono in cerca di un grande tesoro e sbarcano su un\u2019isola piena di\u2026 dinosauri! Il pirata \u00e8 cos\u00ec piccino, ma cos\u00ec piccino che, dopo essere caduto nel nido di uno pterodattilo, finisce nella pancia di un brachiosauro.<\/p>\n<p>Il coraggioso capitano Serafino e il suo equipaggio tornano a divertirci con una nuova avventura!<\/p>\n","protected":false},"excerpt":{"rendered":"<p>A volte, essere piccoli \u00e8 un valore aggiunto per aiutare gli altri e trovare amici inaspettati, come\u2026 un dinosauro grande e furioso!<\/p>\n","protected":false},"featured_media":20083,"template":"","meta":[],"product_brand":[],"product_cat":[761,733],"product_tag":[1603,1616,1610,1634],"class_list":{"0":"post-20082","1":"product","2":"type-product","3":"status-publish","4":"has-post-thumbnail","6":"colecciones-il-piccolo-pirata-serafino","7":"edades-4-it","8":"product_cat-albo-illustrato","9":"product_cat-catalogo-it","10":"product_tag-amicizia-it-2","11":"product_tag-diversita-it","12":"product_tag-ragazze-e-ragazzi-pirata-it-2","13":"product_tag-umorismo-it","15":"first","16":"instock","17":"taxable","18":"shipping-taxable","19":"product-type-simple"},"acf":[],"_links":{"self":[{"href":"https:\/\/www.nubeocho.com\/it\/wp-json\/wp\/v2\/product\/20082","targetHints":{"allow":["GET"]}}],"collection":[{"href":"https:\/\/www.nubeocho.com\/it\/wp-json\/wp\/v2\/product"}],"about":[{"href":"https:\/\/www.nubeocho.com\/it\/wp-json\/wp\/v2\/types\/product"}],"wp:featuredmedia":[{"embeddable":true,"href":"https:\/\/www.nubeocho.com\/it\/wp-json\/wp\/v2\/media\/20083"}],"wp:attachment":[{"href":"https:\/\/www.nubeocho.com\/it\/wp-json\/wp\/v2\/media?parent=20082"}],"wp:term":[{"taxonomy":"product_brand","embeddable":true,"href":"https:\/\/www.nubeocho.com\/it\/wp-json\/wp\/v2\/product_brand?post=20082"},{"taxonomy":"product_cat","embeddable":true,"href":"https:\/\/www.nubeocho.com\/it\/wp-json\/wp\/v2\/product_cat?post=20082"},{"taxonomy":"product_tag","embeddable":true,"href":"https:\/\/www.nubeocho.com\/it\/wp-json\/wp\/v2\/product_tag?post=20082"}],"curies":[{"name":"wp","href":"https:\/\/api.w.org\/{rel}","templated":true}]}}