{"id":20072,"date":"2024-09-02T11:25:23","date_gmt":"2024-09-02T09:25:23","guid":{"rendered":"https:\/\/www.nubeocho.com\/?post_type=product&#038;p=20072"},"modified":"2025-01-09T16:17:03","modified_gmt":"2025-01-09T15:17:03","slug":"la-strada-di-margherita","status":"publish","type":"product","link":"https:\/\/www.nubeocho.com\/it\/prodotto\/la-strada-di-margherita\/","title":{"rendered":"La strada di Margherita"},"content":{"rendered":"<p>Con l\u2019elezione del nuovo sindaco, il paesino di Corrins\u00f9 si ritrova a dover intitolare di nuovo tutte le sue strade. Il signor Vicoletti vorrebbe chiamarle con i nomi di uomini importanti, come Giuseppe Garibaldi, Guglielmo Marconi o Dante Alighieri. Invece, la signora Piazzaioli preferirebbe nomi di donne illustri come Margherita Hack, Rita Levi Montalcini, Maria Montessori&#8230; Non riuscendo a trovare un accordo, saranno le bambine e i bambini a prendere la decisione finale. Sceglieranno i nomi di uomini o quelli di donne?<\/p>\n","protected":false},"excerpt":{"rendered":"<p>Quante strade sono dedicate alle donne nelle nostre citt\u00e0? Il paesino di Corrins\u00f9 si prepara a trovare nuovi nomi per strade, vicoli, e piazze, ma riuscir\u00e0 a raggiungere l\u2019uguaglianza?<\/p>\n","protected":false},"featured_media":20073,"template":"","meta":[],"product_brand":[],"product_cat":[761,733],"product_tag":[1637],"class_list":{"0":"post-20072","1":"product","2":"type-product","3":"status-publish","4":"has-post-thumbnail","6":"colecciones-collana-egalite-it","7":"edades-3-ita","8":"product_cat-albo-illustrato","9":"product_cat-catalogo-it","10":"product_tag-uguaglianza-feminismo-it","12":"first","13":"instock","14":"taxable","15":"shipping-taxable","16":"product-type-simple"},"acf":[],"_links":{"self":[{"href":"https:\/\/www.nubeocho.com\/it\/wp-json\/wp\/v2\/product\/20072","targetHints":{"allow":["GET"]}}],"collection":[{"href":"https:\/\/www.nubeocho.com\/it\/wp-json\/wp\/v2\/product"}],"about":[{"href":"https:\/\/www.nubeocho.com\/it\/wp-json\/wp\/v2\/types\/product"}],"wp:featuredmedia":[{"embeddable":true,"href":"https:\/\/www.nubeocho.com\/it\/wp-json\/wp\/v2\/media\/20073"}],"wp:attachment":[{"href":"https:\/\/www.nubeocho.com\/it\/wp-json\/wp\/v2\/media?parent=20072"}],"wp:term":[{"taxonomy":"product_brand","embeddable":true,"href":"https:\/\/www.nubeocho.com\/it\/wp-json\/wp\/v2\/product_brand?post=20072"},{"taxonomy":"product_cat","embeddable":true,"href":"https:\/\/www.nubeocho.com\/it\/wp-json\/wp\/v2\/product_cat?post=20072"},{"taxonomy":"product_tag","embeddable":true,"href":"https:\/\/www.nubeocho.com\/it\/wp-json\/wp\/v2\/product_tag?post=20072"}],"curies":[{"name":"wp","href":"https:\/\/api.w.org\/{rel}","templated":true}]}}