{"id":20005,"date":"2024-08-26T10:41:24","date_gmt":"2024-08-26T08:41:24","guid":{"rendered":"https:\/\/www.nubeocho.com\/?post_type=product&#038;p=20005"},"modified":"2025-01-07T13:22:12","modified_gmt":"2025-01-07T12:22:12","slug":"20005","status":"publish","type":"product","link":"https:\/\/www.nubeocho.com\/it\/prodotto\/20005\/","title":{"rendered":"Un ninja un po&#8217; maldestro"},"content":{"rendered":"<p>Quando Paolo indossa la sua maschera, si trasforma nel ninja pi\u00f9 veloce e intrepido del mondo. Non c\u2019\u00e8 mostro n\u00e9 pericolo che lui non possa affrontare. Pu\u00f2 fare tutto, \u00e8 invincibile. Eppure, c\u2019\u00e8 una cosa, una sola cosa che gli fa venire la tremarella. \u00c8 un segreto inconfessabile. Di cosa mai si tratter\u00e0?<\/p>\n","protected":false},"excerpt":{"rendered":"<p>Nelle notti pi\u00f9 buie, mentre tutti dormono, ecco che arriva\u2026 il ninja! \u00c8 veloce, intrepido, silenzioso e invisibile\u2026 a meno che non sbatta da qualche parte o non gli cada una tenda in testa!<\/p>\n","protected":false},"featured_media":20057,"template":"","meta":[],"product_brand":[],"product_cat":[761,733],"product_tag":[1603,1622,1640,1634],"class_list":{"0":"post-20005","1":"product","2":"type-product","3":"status-publish","4":"has-post-thumbnail","6":"colecciones-collana-siamo8-it","7":"edades-3-ita","8":"product_cat-albo-illustrato","9":"product_cat-catalogo-it","10":"product_tag-amicizia-it-2","11":"product_tag-emozioni-it","12":"product_tag-paure-it","13":"product_tag-umorismo-it","15":"first","16":"instock","17":"taxable","18":"shipping-taxable","19":"product-type-simple"},"acf":[],"_links":{"self":[{"href":"https:\/\/www.nubeocho.com\/it\/wp-json\/wp\/v2\/product\/20005","targetHints":{"allow":["GET"]}}],"collection":[{"href":"https:\/\/www.nubeocho.com\/it\/wp-json\/wp\/v2\/product"}],"about":[{"href":"https:\/\/www.nubeocho.com\/it\/wp-json\/wp\/v2\/types\/product"}],"wp:featuredmedia":[{"embeddable":true,"href":"https:\/\/www.nubeocho.com\/it\/wp-json\/wp\/v2\/media\/20057"}],"wp:attachment":[{"href":"https:\/\/www.nubeocho.com\/it\/wp-json\/wp\/v2\/media?parent=20005"}],"wp:term":[{"taxonomy":"product_brand","embeddable":true,"href":"https:\/\/www.nubeocho.com\/it\/wp-json\/wp\/v2\/product_brand?post=20005"},{"taxonomy":"product_cat","embeddable":true,"href":"https:\/\/www.nubeocho.com\/it\/wp-json\/wp\/v2\/product_cat?post=20005"},{"taxonomy":"product_tag","embeddable":true,"href":"https:\/\/www.nubeocho.com\/it\/wp-json\/wp\/v2\/product_tag?post=20005"}],"curies":[{"name":"wp","href":"https:\/\/api.w.org\/{rel}","templated":true}]}}