{"id":19849,"date":"2024-04-26T09:13:54","date_gmt":"2024-04-26T07:13:54","guid":{"rendered":"https:\/\/www.nubeocho.com\/?post_type=product&#038;p=19849"},"modified":"2025-06-04T14:49:20","modified_gmt":"2025-06-04T12:49:20","slug":"the-journey-of-clementine","status":"publish","type":"product","link":"https:\/\/www.nubeocho.com\/it\/prodotto\/the-journey-of-clementine\/","title":{"rendered":"Il viaggio di Aurora"},"content":{"rendered":"<p>Aurora non sa che tipo di animale sia. \u00c8 appena nata e nessuno intorno a lei sembra assomigliarle. Grillo e Falena le spiegano che \u00e8 un insetto, ma non riescono a ricordare quale. Lei, per\u00f2, pensa di essere una stella perch\u00e9 fa luce, come quelle che vedono in cielo.<\/p>\n<p>Quella stessa notte, una bambina esce di casa con una lanterna, in cerca dei puntini luminosi che illuminano il bosco. Nell\u2019oscurit\u00e0, si imbatte in Aurora, e tra le due nasce una tenera amicizia. Riuscir\u00e0 la bambina ad aiutare Aurora a scoprire la sua identit\u00e0?<\/p>\n","protected":false},"excerpt":{"rendered":"<p>Aurora \u00e8 appena nata e non sa chi o cosa sia. Sar\u00e0 una stella? Dopotutto, anche lei fa luce.<\/p>\n","protected":false},"featured_media":19850,"template":"","meta":[],"product_brand":[],"product_cat":[761,733],"product_tag":[1603,1607,1616,1628],"class_list":{"0":"post-19849","1":"product","2":"type-product","3":"status-publish","4":"has-post-thumbnail","6":"colecciones-collana-siamo8-it","7":"edades-3-ita","8":"product_cat-albo-illustrato","9":"product_cat-catalogo-it","10":"product_tag-amicizia-it-2","11":"product_tag-autori-internazionali-it","12":"product_tag-diversita-it","13":"product_tag-famiglia-it","15":"first","16":"instock","17":"taxable","18":"shipping-taxable","19":"product-type-simple"},"acf":[],"_links":{"self":[{"href":"https:\/\/www.nubeocho.com\/it\/wp-json\/wp\/v2\/product\/19849","targetHints":{"allow":["GET"]}}],"collection":[{"href":"https:\/\/www.nubeocho.com\/it\/wp-json\/wp\/v2\/product"}],"about":[{"href":"https:\/\/www.nubeocho.com\/it\/wp-json\/wp\/v2\/types\/product"}],"wp:featuredmedia":[{"embeddable":true,"href":"https:\/\/www.nubeocho.com\/it\/wp-json\/wp\/v2\/media\/19850"}],"wp:attachment":[{"href":"https:\/\/www.nubeocho.com\/it\/wp-json\/wp\/v2\/media?parent=19849"}],"wp:term":[{"taxonomy":"product_brand","embeddable":true,"href":"https:\/\/www.nubeocho.com\/it\/wp-json\/wp\/v2\/product_brand?post=19849"},{"taxonomy":"product_cat","embeddable":true,"href":"https:\/\/www.nubeocho.com\/it\/wp-json\/wp\/v2\/product_cat?post=19849"},{"taxonomy":"product_tag","embeddable":true,"href":"https:\/\/www.nubeocho.com\/it\/wp-json\/wp\/v2\/product_tag?post=19849"}],"curies":[{"name":"wp","href":"https:\/\/api.w.org\/{rel}","templated":true}]}}