{"id":19724,"date":"2024-04-03T13:32:09","date_gmt":"2024-04-03T11:32:09","guid":{"rendered":"https:\/\/www.nubeocho.com\/?post_type=product&#038;p=19724"},"modified":"2025-01-07T13:21:35","modified_gmt":"2025-01-07T12:21:35","slug":"cacca-pipi-manuale-per-andare-in-bagno","status":"publish","type":"product","link":"https:\/\/www.nubeocho.com\/it\/prodotto\/cacca-pipi-manuale-per-andare-in-bagno\/","title":{"rendered":"Cacca pip\u00ec. Manuale per andare in bagno"},"content":{"rendered":"<p>\u00c8 il compleanno di Koala: ci sono giochi, palloncini, bibite e stuzzichini a volont\u00e0. Sar\u00e0 una festa divertentissima! Ma bisogna tenere a mente alcune cose, in caso di bisogni impellenti\u2026<\/p>\n<p>Ci sono diverse regole da seguire quando si va in bagno: non aspettare l\u2019ultimo momento (anche se ti stai divertendo moltissimo) perch\u00e9 potresti fartela addosso, tirare lo sciacquone, bussare prima di entrare, quanta carta igienica usare\u2026 e tanti altri consigli.<\/p>\n","protected":false},"excerpt":{"rendered":"<p>Un modo divertente per dare consigli utili a bambine e bambini quando devono andare in bagno. Dalle istruzioni pi\u00f9 semplici, come lavarsi le mani dopo aver fatto la cacca o la pip\u00ec, o persino come comportarsi se scappa una puzzetta indesiderata.<\/p>\n","protected":false},"featured_media":19725,"template":"","meta":[],"product_brand":[],"product_cat":[761,733],"product_tag":[1603,1622,1625,1628],"class_list":{"0":"post-19724","1":"product","2":"type-product","3":"status-publish","4":"has-post-thumbnail","6":"colecciones-collana-siamo8-it","7":"edades-5-it","8":"product_cat-albo-illustrato","9":"product_cat-catalogo-it","10":"product_tag-amicizia-it-2","11":"product_tag-emozioni-it","12":"product_tag-escatologico-it","13":"product_tag-famiglia-it","15":"first","16":"instock","17":"taxable","18":"shipping-taxable","19":"product-type-simple"},"acf":[],"_links":{"self":[{"href":"https:\/\/www.nubeocho.com\/it\/wp-json\/wp\/v2\/product\/19724","targetHints":{"allow":["GET"]}}],"collection":[{"href":"https:\/\/www.nubeocho.com\/it\/wp-json\/wp\/v2\/product"}],"about":[{"href":"https:\/\/www.nubeocho.com\/it\/wp-json\/wp\/v2\/types\/product"}],"wp:featuredmedia":[{"embeddable":true,"href":"https:\/\/www.nubeocho.com\/it\/wp-json\/wp\/v2\/media\/19725"}],"wp:attachment":[{"href":"https:\/\/www.nubeocho.com\/it\/wp-json\/wp\/v2\/media?parent=19724"}],"wp:term":[{"taxonomy":"product_brand","embeddable":true,"href":"https:\/\/www.nubeocho.com\/it\/wp-json\/wp\/v2\/product_brand?post=19724"},{"taxonomy":"product_cat","embeddable":true,"href":"https:\/\/www.nubeocho.com\/it\/wp-json\/wp\/v2\/product_cat?post=19724"},{"taxonomy":"product_tag","embeddable":true,"href":"https:\/\/www.nubeocho.com\/it\/wp-json\/wp\/v2\/product_tag?post=19724"}],"curies":[{"name":"wp","href":"https:\/\/api.w.org\/{rel}","templated":true}]}}