{"id":19670,"date":"2024-04-02T09:21:52","date_gmt":"2024-04-02T07:21:52","guid":{"rendered":"https:\/\/www.nubeocho.com\/?post_type=product&#038;p=19670"},"modified":"2024-12-17T12:08:37","modified_gmt":"2024-12-17T11:08:37","slug":"mamma-briciola","status":"publish","type":"product","link":"https:\/\/www.nubeocho.com\/it\/prodotto\/mamma-briciola\/","title":{"rendered":"Mamma Briciola"},"content":{"rendered":"<p>Paula ama cucinare, ma anche mangiare, ecco perch\u00e9 i suoi figli e le sue nipotine la chiamano\u2026 Mamma Briciola!<br \/>\nUn bel giorno, Mamma Briciola riceve in regalo un pulcino, un pulcino magico che l\u2019accompagner\u00e0 ogni giorno della sua vita.<\/p>\n","protected":false},"excerpt":{"rendered":"<p>Questa \u00e8 la storia di una madre e di una nonna. Questa \u00e8 la storia di Mamma Briciola, ma anche delle sue minestre, del suo cane Le\u00f3n, dei suoi figli e delle sue nipotine.<\/p>\n","protected":false},"featured_media":19671,"template":"","meta":[],"product_brand":[],"product_cat":[761,733],"product_tag":[1622,1628,1646],"class_list":{"0":"post-19670","1":"product","2":"type-product","3":"status-publish","4":"has-post-thumbnail","6":"colecciones-collana-siamo8-it","7":"edades-4-it","8":"product_cat-albo-illustrato","9":"product_cat-catalogo-it","10":"product_tag-emozioni-it","11":"product_tag-famiglia-it","12":"product_tag-per-riflettere-it","14":"first","15":"instock","16":"taxable","17":"shipping-taxable","18":"product-type-simple"},"acf":[],"_links":{"self":[{"href":"https:\/\/www.nubeocho.com\/it\/wp-json\/wp\/v2\/product\/19670","targetHints":{"allow":["GET"]}}],"collection":[{"href":"https:\/\/www.nubeocho.com\/it\/wp-json\/wp\/v2\/product"}],"about":[{"href":"https:\/\/www.nubeocho.com\/it\/wp-json\/wp\/v2\/types\/product"}],"wp:featuredmedia":[{"embeddable":true,"href":"https:\/\/www.nubeocho.com\/it\/wp-json\/wp\/v2\/media\/19671"}],"wp:attachment":[{"href":"https:\/\/www.nubeocho.com\/it\/wp-json\/wp\/v2\/media?parent=19670"}],"wp:term":[{"taxonomy":"product_brand","embeddable":true,"href":"https:\/\/www.nubeocho.com\/it\/wp-json\/wp\/v2\/product_brand?post=19670"},{"taxonomy":"product_cat","embeddable":true,"href":"https:\/\/www.nubeocho.com\/it\/wp-json\/wp\/v2\/product_cat?post=19670"},{"taxonomy":"product_tag","embeddable":true,"href":"https:\/\/www.nubeocho.com\/it\/wp-json\/wp\/v2\/product_tag?post=19670"}],"curies":[{"name":"wp","href":"https:\/\/api.w.org\/{rel}","templated":true}]}}