{"id":19484,"date":"2024-03-06T09:36:42","date_gmt":"2024-03-06T08:36:42","guid":{"rendered":"https:\/\/www.nubeocho.com\/?post_type=product&#038;p=19484"},"modified":"2024-12-16T14:37:18","modified_gmt":"2024-12-16T13:37:18","slug":"la-nuvola-di-greta","status":"publish","type":"product","link":"https:\/\/www.nubeocho.com\/it\/prodotto\/la-nuvola-di-greta\/","title":{"rendered":"La nuvola di Greta"},"content":{"rendered":"<p>A causa della sua allergia, Greta non pu\u00f2 avere animali domestici. Perci\u00f2, a tenerle compagnia ci penser\u00e0 una nuvola. Greta \u00e8 cos\u00ec entusiasta che la porta persino a spasso al guinzaglio! Avere una nuvola come animale domestico ha molti lati positivi, come ad esempio aiutare i vicini a innaffiare le piante o spegnere incendi\u2026<\/p>\n<p>Alcuni vicini sono molto contenti, mentre altri non vedono l\u2019ora che la nuvola di Greta si levi di torno, perch\u00e9 ogni volta che piove c\u2019\u00e8 sempre qualcuno che si lamenta\u2026 Il vicinato \u00e8 diviso in due fazioni: chi vuole la nuvola e chi, invece, non la sopporta proprio. Riusciranno a trovare un compromesso?<\/p>\n","protected":false},"excerpt":{"rendered":"<p>Greta desidera un amico a quattro zampe pi\u00f9 di ogni altra cosa al mondo, ma \u00e8 allergica agli animali\u2026<\/p>\n","protected":false},"featured_media":19485,"template":"","meta":[],"product_brand":[],"product_cat":[761,733],"product_tag":[1603,1622],"class_list":{"0":"post-19484","1":"product","2":"type-product","3":"status-publish","4":"has-post-thumbnail","6":"colecciones-collana-siamo8-it","7":"edades-3-ita","8":"product_cat-albo-illustrato","9":"product_cat-catalogo-it","10":"product_tag-amicizia-it-2","11":"product_tag-emozioni-it","13":"first","14":"instock","15":"taxable","16":"shipping-taxable","17":"product-type-simple"},"acf":[],"_links":{"self":[{"href":"https:\/\/www.nubeocho.com\/it\/wp-json\/wp\/v2\/product\/19484","targetHints":{"allow":["GET"]}}],"collection":[{"href":"https:\/\/www.nubeocho.com\/it\/wp-json\/wp\/v2\/product"}],"about":[{"href":"https:\/\/www.nubeocho.com\/it\/wp-json\/wp\/v2\/types\/product"}],"wp:featuredmedia":[{"embeddable":true,"href":"https:\/\/www.nubeocho.com\/it\/wp-json\/wp\/v2\/media\/19485"}],"wp:attachment":[{"href":"https:\/\/www.nubeocho.com\/it\/wp-json\/wp\/v2\/media?parent=19484"}],"wp:term":[{"taxonomy":"product_brand","embeddable":true,"href":"https:\/\/www.nubeocho.com\/it\/wp-json\/wp\/v2\/product_brand?post=19484"},{"taxonomy":"product_cat","embeddable":true,"href":"https:\/\/www.nubeocho.com\/it\/wp-json\/wp\/v2\/product_cat?post=19484"},{"taxonomy":"product_tag","embeddable":true,"href":"https:\/\/www.nubeocho.com\/it\/wp-json\/wp\/v2\/product_tag?post=19484"}],"curies":[{"name":"wp","href":"https:\/\/api.w.org\/{rel}","templated":true}]}}