{"id":19476,"date":"2024-03-06T09:29:28","date_gmt":"2024-03-06T08:29:28","guid":{"rendered":"https:\/\/www.nubeocho.com\/?post_type=product&#038;p=19476"},"modified":"2025-01-07T13:20:23","modified_gmt":"2025-01-07T12:20:23","slug":"il-compleanno-di-matteo","status":"publish","type":"product","link":"https:\/\/www.nubeocho.com\/it\/prodotto\/il-compleanno-di-matteo\/","title":{"rendered":"Il compleanno di Matteo"},"content":{"rendered":"<p>Sofia e il pap\u00e0 stanno andando alla festa di compleanno di Matteo.<\/p>\n<p>\u201cPap\u00e0, ma se fossimo gatti, come arriveremmo al compleanno?\u201d.<br \/>\n\u201cE se fossimo rane, come ci andremmo?\u201d.<br \/>\n\u201cE se fossimo\u2026 rinoceronti?\u201d.<\/p>\n<p>Un racconto in rima che immagina i modi pi\u00f9 disparati di spostarsi in citt\u00e0, dai pi\u00f9 tradizionali, come l\u2019autobus o la metro, ai pi\u00f9 sorprendenti, come strisciare nelle fogne, volare o attraversare le pareti\u2026<\/p>\n","protected":false},"excerpt":{"rendered":"<p>Attraverso l\u2019immaginazione, Sofia e il padre rendono indimenticabile il tragitto per arrivare al compleanno di un amico.<\/p>\n","protected":false},"featured_media":19477,"template":"","meta":[],"product_brand":[],"product_cat":[761,733],"product_tag":[1616,1628],"class_list":{"0":"post-19476","1":"product","2":"type-product","3":"status-publish","4":"has-post-thumbnail","6":"colecciones-collana-siamo8-it","7":"edades-3-ita","8":"product_cat-albo-illustrato","9":"product_cat-catalogo-it","10":"product_tag-diversita-it","11":"product_tag-famiglia-it","13":"first","14":"instock","15":"taxable","16":"shipping-taxable","17":"product-type-simple"},"acf":[],"_links":{"self":[{"href":"https:\/\/www.nubeocho.com\/it\/wp-json\/wp\/v2\/product\/19476","targetHints":{"allow":["GET"]}}],"collection":[{"href":"https:\/\/www.nubeocho.com\/it\/wp-json\/wp\/v2\/product"}],"about":[{"href":"https:\/\/www.nubeocho.com\/it\/wp-json\/wp\/v2\/types\/product"}],"wp:featuredmedia":[{"embeddable":true,"href":"https:\/\/www.nubeocho.com\/it\/wp-json\/wp\/v2\/media\/19477"}],"wp:attachment":[{"href":"https:\/\/www.nubeocho.com\/it\/wp-json\/wp\/v2\/media?parent=19476"}],"wp:term":[{"taxonomy":"product_brand","embeddable":true,"href":"https:\/\/www.nubeocho.com\/it\/wp-json\/wp\/v2\/product_brand?post=19476"},{"taxonomy":"product_cat","embeddable":true,"href":"https:\/\/www.nubeocho.com\/it\/wp-json\/wp\/v2\/product_cat?post=19476"},{"taxonomy":"product_tag","embeddable":true,"href":"https:\/\/www.nubeocho.com\/it\/wp-json\/wp\/v2\/product_tag?post=19476"}],"curies":[{"name":"wp","href":"https:\/\/api.w.org\/{rel}","templated":true}]}}