{"id":18428,"date":"2023-10-05T09:16:20","date_gmt":"2023-10-05T07:16:20","guid":{"rendered":"https:\/\/www.nubeocho.com\/?post_type=product&#038;p=18428"},"modified":"2023-11-10T10:24:13","modified_gmt":"2023-11-10T09:24:13","slug":"la-fata-rosa","status":"publish","type":"product","link":"https:\/\/www.nubeocho.com\/it\/prodotto\/la-fata-rosa\/","title":{"rendered":"La fata Rosa"},"content":{"rendered":"<p>&#8220;Ciao, piccola, cosa desideri?&#8221;<br \/>\n\u201cIo voglio essere\u2026 una giocatrice di rugby!\u201d<\/p>\n<p>La fata Rosa \u00e8 un po\u2019 all\u2019antica e non crede nell\u2019uguaglianza. Ogni volta in cui una bambina o un bambino esprime un desiderio simile, lei se ne va via arrabbiata, senza realizzarlo. Perch\u00e9 crede che esistano \u201ccose da bambine\u201d e \u201ccose da bambini\u201d.<br \/>\nPresto, per\u00f2, la fata Rosa si render\u00e0 conto di avere un desiderio non proprio tipico di \u201cuna fata\u201d&#8230; Le sue amiche fate la aiuteranno a realizzarlo? E cosa succeder\u00e0 alle bambine e ai bambini i cui desideri non sono stati compiuti?<\/p>\n","protected":false},"excerpt":{"rendered":"<p>La fata Rosa \u00e8 stufa di realizzare i desideri di bambine e bambini. Anzi, a poco a poco si rende conto che ci\u00f2 che le piace davvero \u00e8\u2026 spaventarli! Alla fine, sar\u00e0 Rosa a chiedere alle sue amiche fate di realizzare per lei un desiderio molto particolare\u2026<br \/>\nLibro vincitore della VIII Edizione del Premio Narrating Equality.<\/p>\n","protected":false},"featured_media":18429,"template":"","meta":[],"product_brand":[],"product_cat":[761,733],"product_tag":[1607,1616,1646,1637],"class_list":{"0":"post-18428","1":"product","2":"type-product","3":"status-publish","4":"has-post-thumbnail","6":"colecciones-collana-egalite-it","7":"edades-3-ita","8":"product_cat-albo-illustrato","9":"product_cat-catalogo-it","10":"product_tag-autori-internazionali-it","11":"product_tag-diversita-it","12":"product_tag-per-riflettere-it","13":"product_tag-uguaglianza-feminismo-it","15":"first","16":"instock","17":"taxable","18":"shipping-taxable","19":"product-type-simple"},"acf":[],"_links":{"self":[{"href":"https:\/\/www.nubeocho.com\/it\/wp-json\/wp\/v2\/product\/18428","targetHints":{"allow":["GET"]}}],"collection":[{"href":"https:\/\/www.nubeocho.com\/it\/wp-json\/wp\/v2\/product"}],"about":[{"href":"https:\/\/www.nubeocho.com\/it\/wp-json\/wp\/v2\/types\/product"}],"wp:featuredmedia":[{"embeddable":true,"href":"https:\/\/www.nubeocho.com\/it\/wp-json\/wp\/v2\/media\/18429"}],"wp:attachment":[{"href":"https:\/\/www.nubeocho.com\/it\/wp-json\/wp\/v2\/media?parent=18428"}],"wp:term":[{"taxonomy":"product_brand","embeddable":true,"href":"https:\/\/www.nubeocho.com\/it\/wp-json\/wp\/v2\/product_brand?post=18428"},{"taxonomy":"product_cat","embeddable":true,"href":"https:\/\/www.nubeocho.com\/it\/wp-json\/wp\/v2\/product_cat?post=18428"},{"taxonomy":"product_tag","embeddable":true,"href":"https:\/\/www.nubeocho.com\/it\/wp-json\/wp\/v2\/product_tag?post=18428"}],"curies":[{"name":"wp","href":"https:\/\/api.w.org\/{rel}","templated":true}]}}