{"id":18393,"date":"2023-10-04T15:16:16","date_gmt":"2023-10-04T13:16:16","guid":{"rendered":"https:\/\/www.nubeocho.com\/?post_type=product&#038;p=18393"},"modified":"2023-10-24T10:51:44","modified_gmt":"2023-10-24T08:51:44","slug":"chiamando-la-mamma","status":"publish","type":"product","link":"https:\/\/www.nubeocho.com\/it\/prodotto\/chiamando-la-mamma\/","title":{"rendered":"Chiamando la mamma"},"content":{"rendered":"<p>Max chiama la mamma ogni volta in cui ha bisogno di qualcosa. O quando sta poco bene. O quando \u00e8 assonnato. O quando gli cade qualcosa per terra. E per chiamarla grida a tutto volume \u201cMAMMAAA!\u201d. La mamma si spaventa ogni volta, ma un giorno decide di non correre in suo soccorso. Con sua grande sorpresa, capisce che Max riesce a cavarsela anche da solo.<\/p>\n","protected":false},"excerpt":{"rendered":"<p>Max crede di poter risolvere ogni problema gridando: \u201cMAMMAAA!\u201d. Presto, per\u00f2, capir\u00e0 che \u00e8 in grado di cavarsela anche da solo.<\/p>\n","protected":false},"featured_media":18394,"template":"","meta":[],"product_brand":[],"product_cat":[761,733],"product_tag":[1622,1628,1634],"class_list":{"0":"post-18393","1":"product","2":"type-product","3":"status-publish","4":"has-post-thumbnail","6":"colecciones-collana-siamo8-it","7":"edades-3-ita","8":"product_cat-albo-illustrato","9":"product_cat-catalogo-it","10":"product_tag-emozioni-it","11":"product_tag-famiglia-it","12":"product_tag-umorismo-it","14":"first","15":"instock","16":"taxable","17":"shipping-taxable","18":"product-type-simple"},"acf":[],"_links":{"self":[{"href":"https:\/\/www.nubeocho.com\/it\/wp-json\/wp\/v2\/product\/18393","targetHints":{"allow":["GET"]}}],"collection":[{"href":"https:\/\/www.nubeocho.com\/it\/wp-json\/wp\/v2\/product"}],"about":[{"href":"https:\/\/www.nubeocho.com\/it\/wp-json\/wp\/v2\/types\/product"}],"wp:featuredmedia":[{"embeddable":true,"href":"https:\/\/www.nubeocho.com\/it\/wp-json\/wp\/v2\/media\/18394"}],"wp:attachment":[{"href":"https:\/\/www.nubeocho.com\/it\/wp-json\/wp\/v2\/media?parent=18393"}],"wp:term":[{"taxonomy":"product_brand","embeddable":true,"href":"https:\/\/www.nubeocho.com\/it\/wp-json\/wp\/v2\/product_brand?post=18393"},{"taxonomy":"product_cat","embeddable":true,"href":"https:\/\/www.nubeocho.com\/it\/wp-json\/wp\/v2\/product_cat?post=18393"},{"taxonomy":"product_tag","embeddable":true,"href":"https:\/\/www.nubeocho.com\/it\/wp-json\/wp\/v2\/product_tag?post=18393"}],"curies":[{"name":"wp","href":"https:\/\/api.w.org\/{rel}","templated":true}]}}