{"id":18384,"date":"2023-10-04T15:01:45","date_gmt":"2023-10-04T13:01:45","guid":{"rendered":"https:\/\/www.nubeocho.com\/?post_type=product&#038;p=18384"},"modified":"2023-10-24T10:50:27","modified_gmt":"2023-10-24T08:50:27","slug":"una-mummia-molto-affamata","status":"publish","type":"product","link":"https:\/\/www.nubeocho.com\/it\/prodotto\/una-mummia-molto-affamata\/","title":{"rendered":"Una mummia molto affamata"},"content":{"rendered":"<p>Nel buio di una piramide, la piccola mummia Enda si risveglia perch\u00e9 ha fame. TANTISSIMA FAME!<\/p>\n<p>Cos\u00ec, decide di uscire a vedere che ore sono, sperando sia ora di pranzo\u2026 ma i turisti, non appena la vedono, fuggono impauriti. L\u2019unica a restare \u00e8 Nessa, una bambina. Le due diventano subito amiche e decidono di aiutarsi a vicenda per trovare la famiglia di Nessa e del cibo per Enda.<\/p>\n","protected":false},"excerpt":{"rendered":"<p>Dopo <em>Il fantasma dalle mutande bucate<\/em>, Jos\u00e9 Carlos Andr\u00e9s e G\u00f3mez tornano a farci divertire con un nuovo albo illustrato che ha per protagonista una piccola mummia. Una mummia buffa e impacciata, che anzich\u00e9 terrorizzare bambine e bambini, strapper\u00e0 loro pi\u00f9 di una risata.<\/p>\n","protected":false},"featured_media":18385,"template":"","meta":[],"product_brand":[],"product_cat":[761,733],"product_tag":[1603,1616,1628,1634],"class_list":{"0":"post-18384","1":"product","2":"type-product","3":"status-publish","4":"has-post-thumbnail","6":"colecciones-mostri","7":"edades-3-ita","8":"product_cat-albo-illustrato","9":"product_cat-catalogo-it","10":"product_tag-amicizia-it-2","11":"product_tag-diversita-it","12":"product_tag-famiglia-it","13":"product_tag-umorismo-it","15":"first","16":"instock","17":"taxable","18":"shipping-taxable","19":"product-type-simple"},"acf":[],"_links":{"self":[{"href":"https:\/\/www.nubeocho.com\/it\/wp-json\/wp\/v2\/product\/18384","targetHints":{"allow":["GET"]}}],"collection":[{"href":"https:\/\/www.nubeocho.com\/it\/wp-json\/wp\/v2\/product"}],"about":[{"href":"https:\/\/www.nubeocho.com\/it\/wp-json\/wp\/v2\/types\/product"}],"wp:featuredmedia":[{"embeddable":true,"href":"https:\/\/www.nubeocho.com\/it\/wp-json\/wp\/v2\/media\/18385"}],"wp:attachment":[{"href":"https:\/\/www.nubeocho.com\/it\/wp-json\/wp\/v2\/media?parent=18384"}],"wp:term":[{"taxonomy":"product_brand","embeddable":true,"href":"https:\/\/www.nubeocho.com\/it\/wp-json\/wp\/v2\/product_brand?post=18384"},{"taxonomy":"product_cat","embeddable":true,"href":"https:\/\/www.nubeocho.com\/it\/wp-json\/wp\/v2\/product_cat?post=18384"},{"taxonomy":"product_tag","embeddable":true,"href":"https:\/\/www.nubeocho.com\/it\/wp-json\/wp\/v2\/product_tag?post=18384"}],"curies":[{"name":"wp","href":"https:\/\/api.w.org\/{rel}","templated":true}]}}