{"id":17995,"date":"2023-08-29T12:01:11","date_gmt":"2023-08-29T10:01:11","guid":{"rendered":"https:\/\/www.nubeocho.com\/?post_type=product&#038;p=17995"},"modified":"2023-09-11T13:43:40","modified_gmt":"2023-09-11T11:43:40","slug":"il-rosso-non-e-arrabbiato-il-blu-non-e-triste","status":"publish","type":"product","link":"https:\/\/www.nubeocho.com\/it\/prodotto\/il-rosso-non-e-arrabbiato-il-blu-non-e-triste\/","title":{"rendered":"Il rosso non \u00e8 arrabbiato, il blu non \u00e8 triste"},"content":{"rendered":"<p>Volpe arriva nel bosco e gli amici, preoccupati, gli chiedono se stia bene. Volpe sta benissimo, \u00e8 contento e non capisce cosa stia succedendo. Il punto \u00e8 che Volpe indossa una maglietta blu e il blu, si sa, \u00e8 il colore della tristezza. Orsa gli mette subito un maglione giallo. Ah, adesso s\u00ec che ci siamo.<\/p>\n<p>Ma perch\u00e9 i colori devono riflettere le emozioni? Perch\u00e9 non possiamo indossarli come preferiamo? Potremmo addirittura abbinarli tra loro!<\/p>\n<p>Dopo il successo di <em>Evviva le unghie colorate!<\/em> e <em>La bambola di Luca<\/em>, Luis Amavisca e Alicia Acosta tornano a lavorare insieme in un libro che parla di emozioni e di colori.<\/p>\n","protected":false},"excerpt":{"rendered":"<p>Quattro amici a cui piacciono tutti i colori. Il rosso \u00e8 il colore della rabbia? E il blu della tristezza? Durante un bel pomeriggio nel bosco, il gruppetto capir\u00e0 che non \u00e8 cos\u00ec.<\/p>\n","protected":false},"featured_media":18003,"template":"","meta":[],"product_brand":[],"product_cat":[761,733],"product_tag":[1603,1616,1622,1634],"class_list":{"0":"post-17995","1":"product","2":"type-product","3":"status-publish","4":"has-post-thumbnail","6":"colecciones-collana-siamo8-it","7":"edades-3-ita","8":"product_cat-albo-illustrato","9":"product_cat-catalogo-it","10":"product_tag-amicizia-it-2","11":"product_tag-diversita-it","12":"product_tag-emozioni-it","13":"product_tag-umorismo-it","15":"first","16":"instock","17":"taxable","18":"shipping-taxable","19":"product-type-simple"},"acf":[],"_links":{"self":[{"href":"https:\/\/www.nubeocho.com\/it\/wp-json\/wp\/v2\/product\/17995","targetHints":{"allow":["GET"]}}],"collection":[{"href":"https:\/\/www.nubeocho.com\/it\/wp-json\/wp\/v2\/product"}],"about":[{"href":"https:\/\/www.nubeocho.com\/it\/wp-json\/wp\/v2\/types\/product"}],"wp:featuredmedia":[{"embeddable":true,"href":"https:\/\/www.nubeocho.com\/it\/wp-json\/wp\/v2\/media\/18003"}],"wp:attachment":[{"href":"https:\/\/www.nubeocho.com\/it\/wp-json\/wp\/v2\/media?parent=17995"}],"wp:term":[{"taxonomy":"product_brand","embeddable":true,"href":"https:\/\/www.nubeocho.com\/it\/wp-json\/wp\/v2\/product_brand?post=17995"},{"taxonomy":"product_cat","embeddable":true,"href":"https:\/\/www.nubeocho.com\/it\/wp-json\/wp\/v2\/product_cat?post=17995"},{"taxonomy":"product_tag","embeddable":true,"href":"https:\/\/www.nubeocho.com\/it\/wp-json\/wp\/v2\/product_tag?post=17995"}],"curies":[{"name":"wp","href":"https:\/\/api.w.org\/{rel}","templated":true}]}}