{"id":17985,"date":"2023-08-29T11:46:55","date_gmt":"2023-08-29T09:46:55","guid":{"rendered":"https:\/\/www.nubeocho.com\/?post_type=product&#038;p=17985"},"modified":"2025-10-09T13:59:56","modified_gmt":"2025-10-09T11:59:56","slug":"turchina-la-strega","status":"publish","type":"product","link":"https:\/\/www.nubeocho.com\/it\/prodotto\/turchina-la-strega\/","title":{"rendered":"Turchina la strega"},"content":{"rendered":"<p>La strega Turchina vuole rapire un marmocchio. Perch\u00e9? Perch\u00e9 \u00e8 una cosa da streghe! In sella alla sua scopa arriva al parco, dove trova Lele che gioca con le bambole. L\u2019incontro con lui porter\u00e0 a una bella sorpresa\u2026<\/p>\n","protected":false},"excerpt":{"rendered":"<p>Chi \u00e8 Turchina la strega? Affrontiamo il tema della diversit\u00e0 attraverso la divertente storia di una strega dai capelli azzurro cielo. Libro vincitore del premio Narrating Equality 2019.<\/p>\n","protected":false},"featured_media":17992,"template":"","meta":[],"product_brand":[],"product_cat":[761,733],"product_tag":[1616,1637,1634],"class_list":{"0":"post-17985","1":"product","2":"type-product","3":"status-publish","4":"has-post-thumbnail","6":"colecciones-collana-egalite-it","7":"edades-3-ita","8":"product_cat-albo-illustrato","9":"product_cat-catalogo-it","10":"product_tag-diversita-it","11":"product_tag-uguaglianza-feminismo-it","12":"product_tag-umorismo-it","14":"first","15":"instock","16":"product-type-simple"},"acf":[],"_links":{"self":[{"href":"https:\/\/www.nubeocho.com\/it\/wp-json\/wp\/v2\/product\/17985","targetHints":{"allow":["GET"]}}],"collection":[{"href":"https:\/\/www.nubeocho.com\/it\/wp-json\/wp\/v2\/product"}],"about":[{"href":"https:\/\/www.nubeocho.com\/it\/wp-json\/wp\/v2\/types\/product"}],"wp:featuredmedia":[{"embeddable":true,"href":"https:\/\/www.nubeocho.com\/it\/wp-json\/wp\/v2\/media\/17992"}],"wp:attachment":[{"href":"https:\/\/www.nubeocho.com\/it\/wp-json\/wp\/v2\/media?parent=17985"}],"wp:term":[{"taxonomy":"product_brand","embeddable":true,"href":"https:\/\/www.nubeocho.com\/it\/wp-json\/wp\/v2\/product_brand?post=17985"},{"taxonomy":"product_cat","embeddable":true,"href":"https:\/\/www.nubeocho.com\/it\/wp-json\/wp\/v2\/product_cat?post=17985"},{"taxonomy":"product_tag","embeddable":true,"href":"https:\/\/www.nubeocho.com\/it\/wp-json\/wp\/v2\/product_tag?post=17985"}],"curies":[{"name":"wp","href":"https:\/\/api.w.org\/{rel}","templated":true}]}}