{"id":17597,"date":"2023-03-21T12:13:19","date_gmt":"2023-03-21T11:13:19","guid":{"rendered":"https:\/\/www.nubeocho.com\/?post_type=product&#038;p=17597"},"modified":"2025-06-02T14:14:16","modified_gmt":"2025-06-02T12:14:16","slug":"il-topo-che-mangiava-storie","status":"publish","type":"product","link":"https:\/\/www.nubeocho.com\/it\/prodotto\/il-topo-che-mangiava-storie\/","title":{"rendered":"Il topo che mangiava storie"},"content":{"rendered":"<p>Simenon \u00e8 un topo piccino e paffutello, con due orecchie grandi e un bel paio di baffoni. Ha sempre una gran fame, ma nulla di ci\u00f2 che mangia riesce a saziarlo. Finch\u00e9 un giorno non entra in una libreria e comincia a rosicchiare le pagine dei libri. Quelle storie hanno un sapore speciale e, finalmente, per la prima volta in vita sua, sente la pancia piena. Simenon e la libraia stringono un patto: lei gli legger\u00e0 storie e racconti a volont\u00e0, e lui le dar\u00e0 una mano in libreria\u2026<\/p>\n","protected":false},"excerpt":{"rendered":"<p>La storia di un\u2019amicizia: quella tra una libraia e un topo affamato\u2026 di storie!<\/p>\n","protected":false},"featured_media":21292,"template":"","meta":[],"product_brand":[],"product_cat":[761,733],"product_tag":[1603,1607],"class_list":{"0":"post-17597","1":"product","2":"type-product","3":"status-publish","4":"has-post-thumbnail","6":"colecciones-collana-siamo8-it","7":"edades-3-ita","8":"product_cat-albo-illustrato","9":"product_cat-catalogo-it","10":"product_tag-amicizia-it-2","11":"product_tag-autori-internazionali-it","13":"first","14":"instock","15":"taxable","16":"shipping-taxable","17":"product-type-simple"},"acf":[],"_links":{"self":[{"href":"https:\/\/www.nubeocho.com\/it\/wp-json\/wp\/v2\/product\/17597","targetHints":{"allow":["GET"]}}],"collection":[{"href":"https:\/\/www.nubeocho.com\/it\/wp-json\/wp\/v2\/product"}],"about":[{"href":"https:\/\/www.nubeocho.com\/it\/wp-json\/wp\/v2\/types\/product"}],"wp:featuredmedia":[{"embeddable":true,"href":"https:\/\/www.nubeocho.com\/it\/wp-json\/wp\/v2\/media\/21292"}],"wp:attachment":[{"href":"https:\/\/www.nubeocho.com\/it\/wp-json\/wp\/v2\/media?parent=17597"}],"wp:term":[{"taxonomy":"product_brand","embeddable":true,"href":"https:\/\/www.nubeocho.com\/it\/wp-json\/wp\/v2\/product_brand?post=17597"},{"taxonomy":"product_cat","embeddable":true,"href":"https:\/\/www.nubeocho.com\/it\/wp-json\/wp\/v2\/product_cat?post=17597"},{"taxonomy":"product_tag","embeddable":true,"href":"https:\/\/www.nubeocho.com\/it\/wp-json\/wp\/v2\/product_tag?post=17597"}],"curies":[{"name":"wp","href":"https:\/\/api.w.org\/{rel}","templated":true}]}}