{"id":17430,"date":"2023-02-21T09:05:01","date_gmt":"2023-02-21T08:05:01","guid":{"rendered":"https:\/\/www.nubeocho.com\/?post_type=product&#038;p=17430"},"modified":"2025-06-27T14:34:28","modified_gmt":"2025-06-27T12:34:28","slug":"ti-vogliamo-bene-maestra","status":"publish","type":"product","link":"https:\/\/www.nubeocho.com\/it\/prodotto\/ti-vogliamo-bene-maestra\/","title":{"rendered":"Ti vogliamo bene, maestra!"},"content":{"rendered":"<p>Ogni mattina, Puzzola, Scoiattolina, Volpe, Orsetta, Anatroccolo, Rana e Coniglio vanno a scuola felici, perch\u00e9 la loro maestra, Gazzella, \u00e8 la migliore in assoluto. Con lei, imparano a leggere, a cantare, a ballare\u2026 e si sentono ascoltati e capiti. Ma un giorno, quando arrivano in classe, la maestra non \u00e8 l\u00ec ad aspettarli.<\/p>\n<p>Dov\u2019\u00e8 la maestra Gazzella? Cosa le sar\u00e0 successo? Puzzola, Scoiattolina, Volpe, Orsetta, Anatroccolo, Rana e Coniglio decidono di andare a trovarla a casa per scoprirlo.<\/p>\n","protected":false},"excerpt":{"rendered":"<p>Se gli alunni e le alunne della maestra Gazzella vanno a scuola col sorriso, \u00e8 soprattutto grazie a lei. Il momento pi\u00f9 magico della lezione \u00e8 quando la maestra legge loro fantastiche storie.<\/p>\n","protected":false},"featured_media":21350,"template":"","meta":[],"product_brand":[],"product_cat":[761,733],"product_tag":[1603,1622],"class_list":{"0":"post-17430","1":"product","2":"type-product","3":"status-publish","4":"has-post-thumbnail","6":"colecciones-collana-siamo8-it","7":"edades-3-ita","8":"product_cat-albo-illustrato","9":"product_cat-catalogo-it","10":"product_tag-amicizia-it-2","11":"product_tag-emozioni-it","13":"first","14":"instock","15":"taxable","16":"shipping-taxable","17":"product-type-simple"},"acf":[],"_links":{"self":[{"href":"https:\/\/www.nubeocho.com\/it\/wp-json\/wp\/v2\/product\/17430","targetHints":{"allow":["GET"]}}],"collection":[{"href":"https:\/\/www.nubeocho.com\/it\/wp-json\/wp\/v2\/product"}],"about":[{"href":"https:\/\/www.nubeocho.com\/it\/wp-json\/wp\/v2\/types\/product"}],"wp:featuredmedia":[{"embeddable":true,"href":"https:\/\/www.nubeocho.com\/it\/wp-json\/wp\/v2\/media\/21350"}],"wp:attachment":[{"href":"https:\/\/www.nubeocho.com\/it\/wp-json\/wp\/v2\/media?parent=17430"}],"wp:term":[{"taxonomy":"product_brand","embeddable":true,"href":"https:\/\/www.nubeocho.com\/it\/wp-json\/wp\/v2\/product_brand?post=17430"},{"taxonomy":"product_cat","embeddable":true,"href":"https:\/\/www.nubeocho.com\/it\/wp-json\/wp\/v2\/product_cat?post=17430"},{"taxonomy":"product_tag","embeddable":true,"href":"https:\/\/www.nubeocho.com\/it\/wp-json\/wp\/v2\/product_tag?post=17430"}],"curies":[{"name":"wp","href":"https:\/\/api.w.org\/{rel}","templated":true}]}}