{"id":17044,"date":"2022-05-09T09:55:17","date_gmt":"2022-05-09T07:55:17","guid":{"rendered":"https:\/\/www.nubeocho.com\/?post_type=product&#038;p=17044"},"modified":"2023-02-07T11:30:43","modified_gmt":"2023-02-07T10:30:43","slug":"non-sono-stato-invitato-al-compleanno","status":"publish","type":"product","link":"https:\/\/www.nubeocho.com\/it\/prodotto\/non-sono-stato-invitato-al-compleanno\/","title":{"rendered":"Non sono stato invitato al compleanno"},"content":{"rendered":"<p>\u00c8 la festa di compleanno di un compagno di classe, ma Marco non \u00e8 stato invitato e si sente triste. Le cose cambiano, per\u00f2, quando arriva una balena con un cappello incaricata di passare a prendere tutte le bambine e i bambini che non sono stati invitati.<\/p>\n","protected":false},"excerpt":{"rendered":"<p>Quando non veniamo invitati a un compleanno possiamo sentirci esclusi. Non dobbiamo essere tristi, ci sono tante altre cose divertenti da fare. Hai mai sentito parlare delle feste di non-compleanno?<\/p>\n","protected":false},"featured_media":17045,"template":"","meta":[],"product_brand":[],"product_cat":[761,733],"product_tag":[1603,1622,1646],"class_list":{"0":"post-17044","1":"product","2":"type-product","3":"status-publish","4":"has-post-thumbnail","6":"colecciones-collana-siamo8-it","7":"edades-4-it","8":"product_cat-albo-illustrato","9":"product_cat-catalogo-it","10":"product_tag-amicizia-it-2","11":"product_tag-emozioni-it","12":"product_tag-per-riflettere-it","14":"first","15":"instock","16":"product-type-simple"},"acf":[],"_links":{"self":[{"href":"https:\/\/www.nubeocho.com\/it\/wp-json\/wp\/v2\/product\/17044","targetHints":{"allow":["GET"]}}],"collection":[{"href":"https:\/\/www.nubeocho.com\/it\/wp-json\/wp\/v2\/product"}],"about":[{"href":"https:\/\/www.nubeocho.com\/it\/wp-json\/wp\/v2\/types\/product"}],"wp:featuredmedia":[{"embeddable":true,"href":"https:\/\/www.nubeocho.com\/it\/wp-json\/wp\/v2\/media\/17045"}],"wp:attachment":[{"href":"https:\/\/www.nubeocho.com\/it\/wp-json\/wp\/v2\/media?parent=17044"}],"wp:term":[{"taxonomy":"product_brand","embeddable":true,"href":"https:\/\/www.nubeocho.com\/it\/wp-json\/wp\/v2\/product_brand?post=17044"},{"taxonomy":"product_cat","embeddable":true,"href":"https:\/\/www.nubeocho.com\/it\/wp-json\/wp\/v2\/product_cat?post=17044"},{"taxonomy":"product_tag","embeddable":true,"href":"https:\/\/www.nubeocho.com\/it\/wp-json\/wp\/v2\/product_tag?post=17044"}],"curies":[{"name":"wp","href":"https:\/\/api.w.org\/{rel}","templated":true}]}}