{"id":16928,"date":"2022-10-07T08:48:14","date_gmt":"2022-10-07T06:48:14","guid":{"rendered":"https:\/\/www.nubeocho.com\/?post_type=product&#038;p=16928"},"modified":"2022-11-08T10:33:06","modified_gmt":"2022-11-08T09:33:06","slug":"sono-un-principe","status":"publish","type":"product","link":"https:\/\/www.nubeocho.com\/it\/prodotto\/sono-un-principe\/","title":{"rendered":"Sono un principe!"},"content":{"rendered":"<p class=\"p1\"><span class=\"s1\">A volte facciamo i prepotenti e non ci accorgiamo di quanto diamo fastidio agli altri? Vogliamo che giochino sempre tutti al nostro gioco? E vogliamo che lo facciano solo secondo le nostre regole? Un albo illustrato per aiutare i pi\u00f9 piccoli a riflettere su un tema molto comune. Una storia divertente che ci aiuter\u00e0 a capire che &#8220;dare ordini&#8221; non \u00e8 affatto piacevole per gli altri.<\/span><\/p>\n","protected":false},"excerpt":{"rendered":"<p class=\"p1\"><span class=\"s1\">Porcellino vuole essere un principe e comincia a dare ordini a tutti gli altri animali. Si accorger\u00e0 che il suo comportamento li infastidisce?<\/span><\/p>\n","protected":false},"featured_media":16929,"template":"","meta":[],"product_brand":[],"product_cat":[761,733],"product_tag":[1603,1622,1646,1634],"class_list":{"0":"post-16928","1":"product","2":"type-product","3":"status-publish","4":"has-post-thumbnail","6":"colecciones-collana-siamo8-it","7":"edades-3-ita","8":"product_cat-albo-illustrato","9":"product_cat-catalogo-it","10":"product_tag-amicizia-it-2","11":"product_tag-emozioni-it","12":"product_tag-per-riflettere-it","13":"product_tag-umorismo-it","15":"first","16":"instock","17":"taxable","18":"shipping-taxable","19":"product-type-simple"},"acf":[],"_links":{"self":[{"href":"https:\/\/www.nubeocho.com\/it\/wp-json\/wp\/v2\/product\/16928","targetHints":{"allow":["GET"]}}],"collection":[{"href":"https:\/\/www.nubeocho.com\/it\/wp-json\/wp\/v2\/product"}],"about":[{"href":"https:\/\/www.nubeocho.com\/it\/wp-json\/wp\/v2\/types\/product"}],"wp:featuredmedia":[{"embeddable":true,"href":"https:\/\/www.nubeocho.com\/it\/wp-json\/wp\/v2\/media\/16929"}],"wp:attachment":[{"href":"https:\/\/www.nubeocho.com\/it\/wp-json\/wp\/v2\/media?parent=16928"}],"wp:term":[{"taxonomy":"product_brand","embeddable":true,"href":"https:\/\/www.nubeocho.com\/it\/wp-json\/wp\/v2\/product_brand?post=16928"},{"taxonomy":"product_cat","embeddable":true,"href":"https:\/\/www.nubeocho.com\/it\/wp-json\/wp\/v2\/product_cat?post=16928"},{"taxonomy":"product_tag","embeddable":true,"href":"https:\/\/www.nubeocho.com\/it\/wp-json\/wp\/v2\/product_tag?post=16928"}],"curies":[{"name":"wp","href":"https:\/\/api.w.org\/{rel}","templated":true}]}}