{"id":16895,"date":"2022-10-06T16:28:13","date_gmt":"2022-10-06T14:28:13","guid":{"rendered":"https:\/\/www.nubeocho.com\/?post_type=product&#038;p=16895"},"modified":"2022-11-11T14:33:12","modified_gmt":"2022-11-11T13:33:12","slug":"la-scatola-magica","status":"publish","type":"product","link":"https:\/\/www.nubeocho.com\/it\/prodotto\/la-scatola-magica\/","title":{"rendered":"La scatola magica"},"content":{"rendered":"<p>Una mattina la signora Rosa Naso consegna a Fu e a sua sorella Bo, una scatola. Non possono aprirla perch\u00e9 il pap\u00e0 non c\u2019\u00e8, ma hanno una grande curiosit\u00e0 di scoprire cosa ci sia dentro. Finch\u00e9 il pap\u00e0 non torna, stanno l\u00ec a immaginare, pensare e sognare un\u2019infinit\u00e0 di possibilit\u00e0 sul contenuto della scatola.<\/p>\n","protected":false},"excerpt":{"rendered":"<p>Fu e sua sorella Bo ricevono una scatola per il loro pap\u00e0. La signora Rosa Naso si raccomanda di non aprirla: \u00e8 una scatola magica. I due non sanno cosa fare: aprirla o lasciarla chiusa e continuare a immaginarne il contenuto?<\/p>\n","protected":false},"featured_media":16896,"template":"","meta":[],"product_brand":[],"product_cat":[761,733],"product_tag":[1622,1628,1646],"class_list":{"0":"post-16895","1":"product","2":"type-product","3":"status-publish","4":"has-post-thumbnail","6":"colecciones-collana-siamo8-it","7":"edades-3-ita","8":"product_cat-albo-illustrato","9":"product_cat-catalogo-it","10":"product_tag-emozioni-it","11":"product_tag-famiglia-it","12":"product_tag-per-riflettere-it","14":"first","15":"instock","16":"taxable","17":"shipping-taxable","18":"product-type-simple"},"acf":[],"_links":{"self":[{"href":"https:\/\/www.nubeocho.com\/it\/wp-json\/wp\/v2\/product\/16895","targetHints":{"allow":["GET"]}}],"collection":[{"href":"https:\/\/www.nubeocho.com\/it\/wp-json\/wp\/v2\/product"}],"about":[{"href":"https:\/\/www.nubeocho.com\/it\/wp-json\/wp\/v2\/types\/product"}],"wp:featuredmedia":[{"embeddable":true,"href":"https:\/\/www.nubeocho.com\/it\/wp-json\/wp\/v2\/media\/16896"}],"wp:attachment":[{"href":"https:\/\/www.nubeocho.com\/it\/wp-json\/wp\/v2\/media?parent=16895"}],"wp:term":[{"taxonomy":"product_brand","embeddable":true,"href":"https:\/\/www.nubeocho.com\/it\/wp-json\/wp\/v2\/product_brand?post=16895"},{"taxonomy":"product_cat","embeddable":true,"href":"https:\/\/www.nubeocho.com\/it\/wp-json\/wp\/v2\/product_cat?post=16895"},{"taxonomy":"product_tag","embeddable":true,"href":"https:\/\/www.nubeocho.com\/it\/wp-json\/wp\/v2\/product_tag?post=16895"}],"curies":[{"name":"wp","href":"https:\/\/api.w.org\/{rel}","templated":true}]}}