{"id":16749,"date":"2022-09-28T09:34:59","date_gmt":"2022-09-28T07:34:59","guid":{"rendered":"https:\/\/www.nubeocho.com\/?post_type=product&#038;p=16749"},"modified":"2022-11-02T09:59:50","modified_gmt":"2022-11-02T08:59:50","slug":"ce-una-mucca-nel-mio-letto","status":"publish","type":"product","link":"https:\/\/www.nubeocho.com\/it\/prodotto\/ce-una-mucca-nel-mio-letto\/","title":{"rendered":"C\u2019\u00e8 una mucca nel mio letto"},"content":{"rendered":"<p>Prima di andare a dormire, una bambina dice al pap\u00e0 che c\u2019\u00e8 una mucca nel suo letto. Ma \u00e8 mai possibile? Quando il pap\u00e0 va a controllare, non trova nessuno. \u201cPerch\u00e9 adesso sta giocando a nascondino con un elefante e una papera, pap\u00e0.\u201d<\/p>\n<p>Una storia divertente da leggere prima di andare a letto. Sar\u00e0 tutto frutto dell\u2019immaginazione di una bambina?<\/p>\n","protected":false},"excerpt":{"rendered":"<p>Quante scuse per non andare a dormire! Ma\u2026 e se ci fosse davvero una mucca nel letto?<\/p>\n","protected":false},"featured_media":16750,"template":"","meta":[],"product_brand":[],"product_cat":[761,733],"product_tag":[1628,1640,1634],"class_list":{"0":"post-16749","1":"product","2":"type-product","3":"status-publish","4":"has-post-thumbnail","6":"colecciones-collana-siamo8-it","7":"edades-3-ita","8":"product_cat-albo-illustrato","9":"product_cat-catalogo-it","10":"product_tag-famiglia-it","11":"product_tag-paure-it","12":"product_tag-umorismo-it","14":"first","15":"instock","16":"taxable","17":"shipping-taxable","18":"product-type-simple"},"acf":[],"_links":{"self":[{"href":"https:\/\/www.nubeocho.com\/it\/wp-json\/wp\/v2\/product\/16749","targetHints":{"allow":["GET"]}}],"collection":[{"href":"https:\/\/www.nubeocho.com\/it\/wp-json\/wp\/v2\/product"}],"about":[{"href":"https:\/\/www.nubeocho.com\/it\/wp-json\/wp\/v2\/types\/product"}],"wp:featuredmedia":[{"embeddable":true,"href":"https:\/\/www.nubeocho.com\/it\/wp-json\/wp\/v2\/media\/16750"}],"wp:attachment":[{"href":"https:\/\/www.nubeocho.com\/it\/wp-json\/wp\/v2\/media?parent=16749"}],"wp:term":[{"taxonomy":"product_brand","embeddable":true,"href":"https:\/\/www.nubeocho.com\/it\/wp-json\/wp\/v2\/product_brand?post=16749"},{"taxonomy":"product_cat","embeddable":true,"href":"https:\/\/www.nubeocho.com\/it\/wp-json\/wp\/v2\/product_cat?post=16749"},{"taxonomy":"product_tag","embeddable":true,"href":"https:\/\/www.nubeocho.com\/it\/wp-json\/wp\/v2\/product_tag?post=16749"}],"curies":[{"name":"wp","href":"https:\/\/api.w.org\/{rel}","templated":true}]}}