{"id":16530,"date":"2022-08-31T09:41:56","date_gmt":"2022-08-31T07:41:56","guid":{"rendered":"https:\/\/www.nubeocho.com\/?post_type=product&#038;p=16530"},"modified":"2025-06-30T11:23:41","modified_gmt":"2025-06-30T09:23:41","slug":"el-gregge","status":"publish","type":"product","link":"https:\/\/www.nubeocho.com\/it\/prodotto\/el-gregge\/","title":{"rendered":"Il gregge"},"content":{"rendered":"<p>Quando Michele non riesce a dormire, conta le pecore che saltano la staccionata. Salta prima pecora Uno, poi Due, Tre e cos\u00ec via fino a che non si addormenta.<\/p>\n<p>Ma una notte, pecora Quattro dice di essere stanca di saltare: \u201cNo! No! No!\u201d grida mentre provano a convincerla. Cosa faranno le altre pecore del gregge?<\/p>\n","protected":false},"excerpt":{"rendered":"<p>Essere parte di un gregge \u00e8 facile perch\u00e9 bisogna fare solo ci\u00f2 che fanno le altre pecore. Ma pecora Quattro si annoia e decide di non seguire pi\u00f9 le altre. Alla fine Michele riuscir\u00e0 ad addormentarsi?<\/p>\n","protected":false},"featured_media":21357,"template":"","meta":[],"product_brand":[],"product_cat":[761,733],"product_tag":[1616,1622,1628,1634],"class_list":{"0":"post-16530","1":"product","2":"type-product","3":"status-publish","4":"has-post-thumbnail","6":"colecciones-collana-siamo8-it","7":"edades-3-ita","8":"product_cat-albo-illustrato","9":"product_cat-catalogo-it","10":"product_tag-diversita-it","11":"product_tag-emozioni-it","12":"product_tag-famiglia-it","13":"product_tag-umorismo-it","15":"first","16":"instock","17":"taxable","18":"shipping-taxable","19":"product-type-simple"},"acf":[],"_links":{"self":[{"href":"https:\/\/www.nubeocho.com\/it\/wp-json\/wp\/v2\/product\/16530","targetHints":{"allow":["GET"]}}],"collection":[{"href":"https:\/\/www.nubeocho.com\/it\/wp-json\/wp\/v2\/product"}],"about":[{"href":"https:\/\/www.nubeocho.com\/it\/wp-json\/wp\/v2\/types\/product"}],"wp:featuredmedia":[{"embeddable":true,"href":"https:\/\/www.nubeocho.com\/it\/wp-json\/wp\/v2\/media\/21357"}],"wp:attachment":[{"href":"https:\/\/www.nubeocho.com\/it\/wp-json\/wp\/v2\/media?parent=16530"}],"wp:term":[{"taxonomy":"product_brand","embeddable":true,"href":"https:\/\/www.nubeocho.com\/it\/wp-json\/wp\/v2\/product_brand?post=16530"},{"taxonomy":"product_cat","embeddable":true,"href":"https:\/\/www.nubeocho.com\/it\/wp-json\/wp\/v2\/product_cat?post=16530"},{"taxonomy":"product_tag","embeddable":true,"href":"https:\/\/www.nubeocho.com\/it\/wp-json\/wp\/v2\/product_tag?post=16530"}],"curies":[{"name":"wp","href":"https:\/\/api.w.org\/{rel}","templated":true}]}}