{"id":15338,"date":"2022-03-08T08:46:17","date_gmt":"2022-03-08T07:46:17","guid":{"rendered":"https:\/\/www.nubeocho.com\/?post_type=product&#038;p=15338"},"modified":"2022-04-13T14:36:06","modified_gmt":"2022-04-13T12:36:06","slug":"come-diventare-supereroe-o-supereroina","status":"publish","type":"product","link":"https:\/\/www.nubeocho.com\/it\/prodotto\/come-diventare-supereroe-o-supereroina\/","title":{"rendered":"Come diventare supereroe o supereroina"},"content":{"rendered":"<p>Stai pensando di diventare un supereroe o una supereroina? \u00c8 un lavoro molto duro, ma seguendo le giuste istruzioni sar\u00e0 tutto pi\u00f9 facile. Questo manuale ti aiuter\u00e0 a scegliere il tuo supercostume o a decidere qual \u00e8 il superpotere migliore, ti spiegher\u00e0 come formare un supergruppo o quale posto rendere la tua base segreta\u2026 Insomma, qui troverai tutto quello che c\u2019\u00e8 da sapere per diventare il supereroe che hai sempre voluto essere.<\/p>\n","protected":false},"excerpt":{"rendered":"<p>Vuoi fermare un meteorite che sta per colpire la Terra o evitare l\u2019incidente di un treno? Con questo facile manuale potrai diventare un grande supereroe o supereroina.<\/p>\n","protected":false},"featured_media":15339,"template":"","meta":[],"product_brand":[],"product_cat":[761,733],"product_tag":[1603,1607,1634],"class_list":{"0":"post-15338","1":"product","2":"type-product","3":"status-publish","4":"has-post-thumbnail","6":"colecciones-collana-siamo8-it","7":"edades-5-it","8":"product_cat-albo-illustrato","9":"product_cat-catalogo-it","10":"product_tag-amicizia-it-2","11":"product_tag-autori-internazionali-it","12":"product_tag-umorismo-it","14":"first","15":"instock","16":"taxable","17":"shipping-taxable","18":"product-type-simple"},"acf":[],"_links":{"self":[{"href":"https:\/\/www.nubeocho.com\/it\/wp-json\/wp\/v2\/product\/15338","targetHints":{"allow":["GET"]}}],"collection":[{"href":"https:\/\/www.nubeocho.com\/it\/wp-json\/wp\/v2\/product"}],"about":[{"href":"https:\/\/www.nubeocho.com\/it\/wp-json\/wp\/v2\/types\/product"}],"wp:featuredmedia":[{"embeddable":true,"href":"https:\/\/www.nubeocho.com\/it\/wp-json\/wp\/v2\/media\/15339"}],"wp:attachment":[{"href":"https:\/\/www.nubeocho.com\/it\/wp-json\/wp\/v2\/media?parent=15338"}],"wp:term":[{"taxonomy":"product_brand","embeddable":true,"href":"https:\/\/www.nubeocho.com\/it\/wp-json\/wp\/v2\/product_brand?post=15338"},{"taxonomy":"product_cat","embeddable":true,"href":"https:\/\/www.nubeocho.com\/it\/wp-json\/wp\/v2\/product_cat?post=15338"},{"taxonomy":"product_tag","embeddable":true,"href":"https:\/\/www.nubeocho.com\/it\/wp-json\/wp\/v2\/product_tag?post=15338"}],"curies":[{"name":"wp","href":"https:\/\/api.w.org\/{rel}","templated":true}]}}