{"id":15257,"date":"2022-02-22T10:33:18","date_gmt":"2022-02-22T09:33:18","guid":{"rendered":"https:\/\/www.nubeocho.com\/?post_type=product&#038;p=15257"},"modified":"2022-04-13T14:34:31","modified_gmt":"2022-04-13T12:34:31","slug":"stai-attento-bruno","status":"publish","type":"product","link":"https:\/\/www.nubeocho.com\/it\/prodotto\/stai-attento-bruno\/","title":{"rendered":"Stai attento, Bruno!"},"content":{"rendered":"<p>Mamma e Pap\u00e0 vogliono bene a Bruno, ma sono cos\u00ec protettivi da impedirgli di divertirsi con gli altri bambini. Vedono pericoli ovunque: Bruno riuscir\u00e0 a lanciarsi dallo scivolo o a saltare nelle pozzanghere?<\/p>\n","protected":false},"excerpt":{"rendered":"<p>Una storia divertentissima sull\u2019iperprotettivit\u00e0 di alcuni genitori nei confronti dei propri figli e figlie. Un albo per capire, insieme, che non succede nulla se a volte i pi\u00f9 piccoli si bagnano, si sporcano o sentono un po\u2019 di freddo o caldo.<\/p>\n","protected":false},"featured_media":15269,"template":"","meta":[],"product_brand":[],"product_cat":[761,733],"product_tag":[1628,1634],"class_list":{"0":"post-15257","1":"product","2":"type-product","3":"status-publish","4":"has-post-thumbnail","6":"colecciones-collana-siamo8-it","7":"edades-4-it","8":"product_cat-albo-illustrato","9":"product_cat-catalogo-it","10":"product_tag-famiglia-it","11":"product_tag-umorismo-it","13":"first","14":"instock","15":"taxable","16":"shipping-taxable","17":"product-type-simple"},"acf":[],"_links":{"self":[{"href":"https:\/\/www.nubeocho.com\/it\/wp-json\/wp\/v2\/product\/15257","targetHints":{"allow":["GET"]}}],"collection":[{"href":"https:\/\/www.nubeocho.com\/it\/wp-json\/wp\/v2\/product"}],"about":[{"href":"https:\/\/www.nubeocho.com\/it\/wp-json\/wp\/v2\/types\/product"}],"wp:featuredmedia":[{"embeddable":true,"href":"https:\/\/www.nubeocho.com\/it\/wp-json\/wp\/v2\/media\/15269"}],"wp:attachment":[{"href":"https:\/\/www.nubeocho.com\/it\/wp-json\/wp\/v2\/media?parent=15257"}],"wp:term":[{"taxonomy":"product_brand","embeddable":true,"href":"https:\/\/www.nubeocho.com\/it\/wp-json\/wp\/v2\/product_brand?post=15257"},{"taxonomy":"product_cat","embeddable":true,"href":"https:\/\/www.nubeocho.com\/it\/wp-json\/wp\/v2\/product_cat?post=15257"},{"taxonomy":"product_tag","embeddable":true,"href":"https:\/\/www.nubeocho.com\/it\/wp-json\/wp\/v2\/product_tag?post=15257"}],"curies":[{"name":"wp","href":"https:\/\/api.w.org\/{rel}","templated":true}]}}