{"id":15174,"date":"2022-02-15T14:02:33","date_gmt":"2022-02-15T13:02:33","guid":{"rendered":"https:\/\/www.nubeocho.com\/?post_type=product&#038;p=15174"},"modified":"2022-12-13T11:51:35","modified_gmt":"2022-12-13T10:51:35","slug":"giulietta-puzzeta","status":"publish","type":"product","link":"https:\/\/www.nubeocho.com\/it\/prodotto\/giulietta-puzzeta\/","title":{"rendered":"Giulietta Puzzetta"},"content":{"rendered":"<p>Giulietta fa un sacco di puzzette, non riesce a resistere. Ed \u00e8 per questo che a scuola hanno preso a chiamarla Giulietta puzzetta! Ma sar\u00e0 proprio grazie alle sue ventosit\u00e0 che, durante una gita, riuscir\u00e0 a salvare i compagni di scuola da un grave pericolo.<\/p>\n","protected":false},"excerpt":{"rendered":"<p>Una divertentissima storia in cui si parla di puzzette ma anche di teneri sentimenti, del potere dell\u2019amicizia e, soprattutto, di come trasformare una differenza in un grande talento.<\/p>\n","protected":false},"featured_media":15175,"template":"","meta":[],"product_brand":[],"product_cat":[761,733],"product_tag":[1603,1625,1634],"class_list":{"0":"post-15174","1":"product","2":"type-product","3":"status-publish","4":"has-post-thumbnail","6":"colecciones-collana-siamo8-it","7":"edades-3-ita","8":"product_cat-albo-illustrato","9":"product_cat-catalogo-it","10":"product_tag-amicizia-it-2","11":"product_tag-escatologico-it","12":"product_tag-umorismo-it","14":"first","15":"instock","16":"taxable","17":"shipping-taxable","18":"product-type-simple"},"acf":[],"_links":{"self":[{"href":"https:\/\/www.nubeocho.com\/it\/wp-json\/wp\/v2\/product\/15174","targetHints":{"allow":["GET"]}}],"collection":[{"href":"https:\/\/www.nubeocho.com\/it\/wp-json\/wp\/v2\/product"}],"about":[{"href":"https:\/\/www.nubeocho.com\/it\/wp-json\/wp\/v2\/types\/product"}],"wp:featuredmedia":[{"embeddable":true,"href":"https:\/\/www.nubeocho.com\/it\/wp-json\/wp\/v2\/media\/15175"}],"wp:attachment":[{"href":"https:\/\/www.nubeocho.com\/it\/wp-json\/wp\/v2\/media?parent=15174"}],"wp:term":[{"taxonomy":"product_brand","embeddable":true,"href":"https:\/\/www.nubeocho.com\/it\/wp-json\/wp\/v2\/product_brand?post=15174"},{"taxonomy":"product_cat","embeddable":true,"href":"https:\/\/www.nubeocho.com\/it\/wp-json\/wp\/v2\/product_cat?post=15174"},{"taxonomy":"product_tag","embeddable":true,"href":"https:\/\/www.nubeocho.com\/it\/wp-json\/wp\/v2\/product_tag?post=15174"}],"curies":[{"name":"wp","href":"https:\/\/api.w.org\/{rel}","templated":true}]}}