{"id":14981,"date":"2022-01-26T10:44:01","date_gmt":"2022-01-26T09:44:01","guid":{"rendered":"https:\/\/www.nubeocho.com\/?post_type=product&#038;p=14981"},"modified":"2022-03-24T10:33:07","modified_gmt":"2022-03-24T09:33:07","slug":"il-fantasma-dalle-mutande-bucate","status":"publish","type":"product","link":"https:\/\/www.nubeocho.com\/it\/prodotto\/il-fantasma-dalle-mutande-bucate\/","title":{"rendered":"Il fantasma dalle mutande bucate"},"content":{"rendered":"<p>\u201cSOOONO IL FANTASMA DALLE MUTANDE BUCATE!\u201d<\/p>\n<p>Gli abitanti di Villa Strilla non riescono a dormire tranquilli perch\u00e9 il fantasma dalle mutande bucate li spaventa giorno e notte. Per mettere fine a questa storia, Paolo Pennarossa e Vera la Pompiera decidono di andare al castello e affrontarlo, ma entrambi scappano a gambe levate. Come risolveranno il problema del fantasma dalle mutande bucate?<\/p>\n","protected":false},"excerpt":{"rendered":"<p>L\u2019ultimo racconto sulla paura di Jos\u00e9 Carlos Andr\u00e9s, che con NubeOcho ha gi\u00e0 pubblicato altre storie da brividi, <em>Chi mi ha rubato la gamba? <\/em>e <em>La grande paura di Carlotta<\/em>. Con le illustrazioni di G\u00f3mez.<\/p>\n","protected":false},"featured_media":14982,"template":"","meta":[],"product_brand":[],"product_cat":[761,733],"product_tag":[1622,1631,1640,1634],"class_list":{"0":"post-14981","1":"product","2":"type-product","3":"status-publish","4":"has-post-thumbnail","6":"colecciones-mostri","7":"edades-4-it","8":"product_cat-albo-illustrato","9":"product_cat-catalogo-it","10":"product_tag-emozioni-it","11":"product_tag-grandi-successi-bestseller-it","12":"product_tag-paure-it","13":"product_tag-umorismo-it","15":"first","16":"instock","17":"taxable","18":"shipping-taxable","19":"product-type-simple"},"acf":[],"_links":{"self":[{"href":"https:\/\/www.nubeocho.com\/it\/wp-json\/wp\/v2\/product\/14981","targetHints":{"allow":["GET"]}}],"collection":[{"href":"https:\/\/www.nubeocho.com\/it\/wp-json\/wp\/v2\/product"}],"about":[{"href":"https:\/\/www.nubeocho.com\/it\/wp-json\/wp\/v2\/types\/product"}],"wp:featuredmedia":[{"embeddable":true,"href":"https:\/\/www.nubeocho.com\/it\/wp-json\/wp\/v2\/media\/14982"}],"wp:attachment":[{"href":"https:\/\/www.nubeocho.com\/it\/wp-json\/wp\/v2\/media?parent=14981"}],"wp:term":[{"taxonomy":"product_brand","embeddable":true,"href":"https:\/\/www.nubeocho.com\/it\/wp-json\/wp\/v2\/product_brand?post=14981"},{"taxonomy":"product_cat","embeddable":true,"href":"https:\/\/www.nubeocho.com\/it\/wp-json\/wp\/v2\/product_cat?post=14981"},{"taxonomy":"product_tag","embeddable":true,"href":"https:\/\/www.nubeocho.com\/it\/wp-json\/wp\/v2\/product_tag?post=14981"}],"curies":[{"name":"wp","href":"https:\/\/api.w.org\/{rel}","templated":true}]}}