{"id":13940,"date":"2018-05-05T14:39:28","date_gmt":"2018-05-05T12:39:28","guid":{"rendered":"https:\/\/www.nubeocho.com?post_type=product&#038;p=13940"},"modified":"2026-01-19T13:01:45","modified_gmt":"2026-01-19T12:01:45","slug":"daniela-pirata","status":"publish","type":"product","link":"https:\/\/www.nubeocho.com\/it\/prodotto\/daniela-pirata\/","title":{"rendered":"Daniela la pirata"},"content":{"rendered":"<p>Daniela sogna di diventare una pirata del Caimano Nero, la nave pi\u00f9 famosa dei sette mari. Daniela dovr\u00e0 superare le dure prove del Capitano Orecchiomozzato e affrontare una ciurma di pirati maschilisti. Riuscir\u00e0 a diventare una pirata?<\/p>\n<p>&nbsp;<\/p>\n","protected":false},"excerpt":{"rendered":"<p>I pirati del Caimano Nero non vogilono bambine sulla loro nave. Cosa succeder\u00e0 con l&#8217;arrivo di Daniela?<\/p>\n","protected":false},"featured_media":22068,"template":"","meta":[],"product_brand":[],"product_cat":[761,733],"product_tag":[1631,1610,1637],"class_list":{"0":"post-13940","1":"product","2":"type-product","3":"status-publish","4":"has-post-thumbnail","6":"colecciones-collana-egalite-it","7":"colecciones-daniela-la-pirata","8":"edades-4-it","9":"product_cat-albo-illustrato","10":"product_cat-catalogo-it","11":"product_tag-grandi-successi-bestseller-it","12":"product_tag-ragazze-e-ragazzi-pirata-it-2","13":"product_tag-uguaglianza-feminismo-it","15":"first","16":"instock","17":"product-type-simple"},"acf":[],"_links":{"self":[{"href":"https:\/\/www.nubeocho.com\/it\/wp-json\/wp\/v2\/product\/13940","targetHints":{"allow":["GET"]}}],"collection":[{"href":"https:\/\/www.nubeocho.com\/it\/wp-json\/wp\/v2\/product"}],"about":[{"href":"https:\/\/www.nubeocho.com\/it\/wp-json\/wp\/v2\/types\/product"}],"wp:featuredmedia":[{"embeddable":true,"href":"https:\/\/www.nubeocho.com\/it\/wp-json\/wp\/v2\/media\/22068"}],"wp:attachment":[{"href":"https:\/\/www.nubeocho.com\/it\/wp-json\/wp\/v2\/media?parent=13940"}],"wp:term":[{"taxonomy":"product_brand","embeddable":true,"href":"https:\/\/www.nubeocho.com\/it\/wp-json\/wp\/v2\/product_brand?post=13940"},{"taxonomy":"product_cat","embeddable":true,"href":"https:\/\/www.nubeocho.com\/it\/wp-json\/wp\/v2\/product_cat?post=13940"},{"taxonomy":"product_tag","embeddable":true,"href":"https:\/\/www.nubeocho.com\/it\/wp-json\/wp\/v2\/product_tag?post=13940"}],"curies":[{"name":"wp","href":"https:\/\/api.w.org\/{rel}","templated":true}]}}