{"id":13891,"date":"2021-10-19T11:28:37","date_gmt":"2021-10-19T09:28:37","guid":{"rendered":"https:\/\/www.nubeocho.com?post_type=product&#038;p=13891"},"modified":"2022-01-14T12:07:58","modified_gmt":"2022-01-14T11:07:58","slug":"lombrello-di-zebra","status":"publish","type":"product","link":"https:\/\/www.nubeocho.com\/it\/prodotto\/lombrello-di-zebra\/","title":{"rendered":"L\u2019ombrello di Zebra"},"content":{"rendered":"<p>Con le prime gocce di pioggia, Zebra apre il suo ombrello colorato. Ospita Gazzella, Rinoceronte e Lepre per non farli bagnare. Ma anche Leone vorrebbe rimanere asciutto. Ci sar\u00e0 posto per tutti sotto l\u2019ombrello di Zebra?<\/p>\n","protected":false},"excerpt":{"rendered":"<p>L\u2019ombrello colorato di Zebra \u00e8 pi\u00f9 grande di quello che sembra. Quando comincia a piovere, gli altri animali vanno a ripararsi insieme a lei. Ci sar\u00e0 posto per tutti?<\/p>\n","protected":false},"featured_media":14896,"template":"","meta":[],"product_brand":[],"product_cat":[761,733],"product_tag":[1603],"class_list":{"0":"post-13891","1":"product","2":"type-product","3":"status-publish","4":"has-post-thumbnail","6":"colecciones-collana-siamo8-it","7":"edades-3-ita","8":"product_cat-albo-illustrato","9":"product_cat-catalogo-it","10":"product_tag-amicizia-it-2","12":"first","13":"instock","14":"taxable","15":"shipping-taxable","16":"product-type-simple"},"acf":[],"_links":{"self":[{"href":"https:\/\/www.nubeocho.com\/it\/wp-json\/wp\/v2\/product\/13891","targetHints":{"allow":["GET"]}}],"collection":[{"href":"https:\/\/www.nubeocho.com\/it\/wp-json\/wp\/v2\/product"}],"about":[{"href":"https:\/\/www.nubeocho.com\/it\/wp-json\/wp\/v2\/types\/product"}],"wp:featuredmedia":[{"embeddable":true,"href":"https:\/\/www.nubeocho.com\/it\/wp-json\/wp\/v2\/media\/14896"}],"wp:attachment":[{"href":"https:\/\/www.nubeocho.com\/it\/wp-json\/wp\/v2\/media?parent=13891"}],"wp:term":[{"taxonomy":"product_brand","embeddable":true,"href":"https:\/\/www.nubeocho.com\/it\/wp-json\/wp\/v2\/product_brand?post=13891"},{"taxonomy":"product_cat","embeddable":true,"href":"https:\/\/www.nubeocho.com\/it\/wp-json\/wp\/v2\/product_cat?post=13891"},{"taxonomy":"product_tag","embeddable":true,"href":"https:\/\/www.nubeocho.com\/it\/wp-json\/wp\/v2\/product_tag?post=13891"}],"curies":[{"name":"wp","href":"https:\/\/api.w.org\/{rel}","templated":true}]}}