{"id":13727,"date":"2019-10-10T13:58:50","date_gmt":"2019-10-10T11:58:50","guid":{"rendered":"https:\/\/www.nubeocho.com?post_type=product&#038;p=13727"},"modified":"2021-11-08T13:54:20","modified_gmt":"2021-11-08T12:54:20","slug":"ti-mangio-di-baci","status":"publish","type":"product","link":"https:\/\/www.nubeocho.com\/it\/prodotto\/ti-mangio-di-baci\/","title":{"rendered":"Ti mangio di baci"},"content":{"rendered":"<p>Peloso \u00e8 un mostro molto grande. Peloso \u00e8 sempre arrabbiato. Peloso \u00e8 molto solo. Sar\u00e0 per il suo pessimo umore?<br \/>\nI piccoli paronzoli scappano non appena lo vedono, ma un giorno\u2026<\/p>\n","protected":false},"excerpt":{"rendered":"<p>L\u2019affetto e le risate possono trasformare un mostro cattivo (o un bambino antipatico) in un amico.<\/p>\n","protected":false},"featured_media":13728,"template":"","meta":[],"product_brand":[],"product_cat":[761,733],"product_tag":[1622],"class_list":{"0":"post-13727","1":"product","2":"type-product","3":"status-publish","4":"has-post-thumbnail","6":"colecciones-collana-siamo8-it","7":"edades-3-ita","8":"product_cat-albo-illustrato","9":"product_cat-catalogo-it","10":"product_tag-emozioni-it","12":"first","13":"instock","14":"product-type-simple"},"acf":[],"_links":{"self":[{"href":"https:\/\/www.nubeocho.com\/it\/wp-json\/wp\/v2\/product\/13727","targetHints":{"allow":["GET"]}}],"collection":[{"href":"https:\/\/www.nubeocho.com\/it\/wp-json\/wp\/v2\/product"}],"about":[{"href":"https:\/\/www.nubeocho.com\/it\/wp-json\/wp\/v2\/types\/product"}],"wp:featuredmedia":[{"embeddable":true,"href":"https:\/\/www.nubeocho.com\/it\/wp-json\/wp\/v2\/media\/13728"}],"wp:attachment":[{"href":"https:\/\/www.nubeocho.com\/it\/wp-json\/wp\/v2\/media?parent=13727"}],"wp:term":[{"taxonomy":"product_brand","embeddable":true,"href":"https:\/\/www.nubeocho.com\/it\/wp-json\/wp\/v2\/product_brand?post=13727"},{"taxonomy":"product_cat","embeddable":true,"href":"https:\/\/www.nubeocho.com\/it\/wp-json\/wp\/v2\/product_cat?post=13727"},{"taxonomy":"product_tag","embeddable":true,"href":"https:\/\/www.nubeocho.com\/it\/wp-json\/wp\/v2\/product_tag?post=13727"}],"curies":[{"name":"wp","href":"https:\/\/api.w.org\/{rel}","templated":true}]}}