{"id":13464,"date":"2018-09-24T09:22:46","date_gmt":"2018-09-20T07:38:53","guid":{"rendered":"https:\/\/www.nubeocho.com?post_type=product&#038;p=13464"},"modified":"2024-12-17T11:47:58","modified_gmt":"2024-12-17T10:47:58","slug":"oggi-non-giochi","status":"publish","type":"product","link":"https:\/\/www.nubeocho.com\/it\/prodotto\/oggi-non-giochi\/","title":{"rendered":"Oggi non giochi"},"content":{"rendered":"<p>In classe \u00e8 arrivata una nuova bambina, Emma, che si comporta in maniera ingiusta con i suoi compagni: toglie loro il pranzo, decide chi gioca e a cosa si gioca\u2026 La piccola Anna si sente talmente a disagio che ogni volta che \u00e8 davanti a Emma le sudano la mani e le fa male lo stomaco, perch\u00e9 Emma ha fatto s\u00ec che Anna si ritrovasse da sola ogni ricreazione. Ma la reazione degli amici di Anna non tarder\u00e0 a farsi sentire: stanchi delle sue prepotenze, la affronteranno con coraggio.<\/p>\n","protected":false},"excerpt":{"rendered":"<p>Questo libro \u00e8 basato su una storia vera. Il bullismo \u00e8 un tema di cui tutti dobbiamo parlare.<\/p>\n","protected":false},"featured_media":13473,"template":"","meta":[],"product_brand":[],"product_cat":[761,733],"product_tag":[1603,1525,1646],"class_list":{"0":"post-13464","1":"product","2":"type-product","3":"status-publish","4":"has-post-thumbnail","6":"colecciones-collana-egalite-it","7":"edades-3-ita","8":"product_cat-albo-illustrato","9":"product_cat-catalogo-it","10":"product_tag-amicizia-it-2","11":"product_tag-bullismo-it","12":"product_tag-per-riflettere-it","14":"first","15":"instock","16":"product-type-simple"},"acf":[],"_links":{"self":[{"href":"https:\/\/www.nubeocho.com\/it\/wp-json\/wp\/v2\/product\/13464","targetHints":{"allow":["GET"]}}],"collection":[{"href":"https:\/\/www.nubeocho.com\/it\/wp-json\/wp\/v2\/product"}],"about":[{"href":"https:\/\/www.nubeocho.com\/it\/wp-json\/wp\/v2\/types\/product"}],"wp:featuredmedia":[{"embeddable":true,"href":"https:\/\/www.nubeocho.com\/it\/wp-json\/wp\/v2\/media\/13473"}],"wp:attachment":[{"href":"https:\/\/www.nubeocho.com\/it\/wp-json\/wp\/v2\/media?parent=13464"}],"wp:term":[{"taxonomy":"product_brand","embeddable":true,"href":"https:\/\/www.nubeocho.com\/it\/wp-json\/wp\/v2\/product_brand?post=13464"},{"taxonomy":"product_cat","embeddable":true,"href":"https:\/\/www.nubeocho.com\/it\/wp-json\/wp\/v2\/product_cat?post=13464"},{"taxonomy":"product_tag","embeddable":true,"href":"https:\/\/www.nubeocho.com\/it\/wp-json\/wp\/v2\/product_tag?post=13464"}],"curies":[{"name":"wp","href":"https:\/\/api.w.org\/{rel}","templated":true}]}}