{"id":13454,"date":"2018-10-08T10:32:19","date_gmt":"2018-10-31T08:00:53","guid":{"rendered":"https:\/\/www.nubeocho.com?post_type=product&#038;p=13454"},"modified":"2024-12-17T11:52:58","modified_gmt":"2024-12-17T10:52:58","slug":"adottare-un-dinosauro","status":"publish","type":"product","link":"https:\/\/www.nubeocho.com\/it\/prodotto\/adottare-un-dinosauro\/","title":{"rendered":"Adottare un dinosauro"},"content":{"rendered":"<p>Ale vuole un animale: un cane, un gatto, una gallina, un elefante\u2026 Ma i suoi genitori NON vogliono animali dentro casa.<\/p>\n<p>Un giorno, Ale trova un uovo gigante nel parco: lo porta a casa, lo coccola, se ne prende cura.<\/p>\n","protected":false},"excerpt":{"rendered":"<p>Questa \u00e8 la storia di Ale e del suo saltasauro. Cosa penser\u00e0 la gente quando lo conoscer\u00e0?<\/p>\n","protected":false},"featured_media":13455,"template":"","meta":[],"product_brand":[],"product_cat":[761,733],"product_tag":[1603,1628,1634],"class_list":{"0":"post-13454","1":"product","2":"type-product","3":"status-publish","4":"has-post-thumbnail","6":"colecciones-collana-siamo8-it","7":"edades-3-ita","8":"product_cat-albo-illustrato","9":"product_cat-catalogo-it","10":"product_tag-amicizia-it-2","11":"product_tag-famiglia-it","12":"product_tag-umorismo-it","14":"first","15":"instock","16":"product-type-simple"},"acf":[],"_links":{"self":[{"href":"https:\/\/www.nubeocho.com\/it\/wp-json\/wp\/v2\/product\/13454","targetHints":{"allow":["GET"]}}],"collection":[{"href":"https:\/\/www.nubeocho.com\/it\/wp-json\/wp\/v2\/product"}],"about":[{"href":"https:\/\/www.nubeocho.com\/it\/wp-json\/wp\/v2\/types\/product"}],"wp:featuredmedia":[{"embeddable":true,"href":"https:\/\/www.nubeocho.com\/it\/wp-json\/wp\/v2\/media\/13455"}],"wp:attachment":[{"href":"https:\/\/www.nubeocho.com\/it\/wp-json\/wp\/v2\/media?parent=13454"}],"wp:term":[{"taxonomy":"product_brand","embeddable":true,"href":"https:\/\/www.nubeocho.com\/it\/wp-json\/wp\/v2\/product_brand?post=13454"},{"taxonomy":"product_cat","embeddable":true,"href":"https:\/\/www.nubeocho.com\/it\/wp-json\/wp\/v2\/product_cat?post=13454"},{"taxonomy":"product_tag","embeddable":true,"href":"https:\/\/www.nubeocho.com\/it\/wp-json\/wp\/v2\/product_tag?post=13454"}],"curies":[{"name":"wp","href":"https:\/\/api.w.org\/{rel}","templated":true}]}}