{"id":13421,"date":"2018-10-15T15:58:48","date_gmt":"2018-10-04T07:28:10","guid":{"rendered":"https:\/\/www.nubeocho.com?post_type=product&#038;p=13421"},"modified":"2022-03-08T14:53:52","modified_gmt":"2022-03-08T13:53:52","slug":"il-mio-orso-grande-il-mio-orso-piccolo-ed-io","status":"publish","type":"product","link":"https:\/\/www.nubeocho.com\/it\/prodotto\/il-mio-orso-grande-il-mio-orso-piccolo-ed-io\/","title":{"rendered":"Il mio orso grande, il mio orso piccolo ed io"},"content":{"rendered":"<p>\u00c8 bello avere un orso, ma averne due lo \u00e8 molto di pi\u00f9: quello grande ha la forza di un gigante, quello piccolo \u00e8 soffice come il cotone. Pagina dopo pagina, accompagneremo la nostra nuova amica nella sua giornata insieme ai suoi DUE ORSI. Poi, un dolce MISTERO\u2026 Sul serio questa bambina vive con due orsi?<\/p>\n","protected":false},"excerpt":{"rendered":"<p>Una bambina con due orsi, ma chi \u00e8 l&#8217;orso grande? Un racconto poetico, tutto dedicato al pap\u00e0.<\/p>\n","protected":false},"featured_media":2597,"template":"","meta":[],"product_brand":[],"product_cat":[761,733],"product_tag":[1628],"class_list":{"0":"post-13421","1":"product","2":"type-product","3":"status-publish","4":"has-post-thumbnail","6":"colecciones-collana-siamo8-it","7":"edades-3-ita","8":"product_cat-albo-illustrato","9":"product_cat-catalogo-it","10":"product_tag-famiglia-it","12":"first","13":"instock","14":"product-type-simple"},"acf":[],"_links":{"self":[{"href":"https:\/\/www.nubeocho.com\/it\/wp-json\/wp\/v2\/product\/13421","targetHints":{"allow":["GET"]}}],"collection":[{"href":"https:\/\/www.nubeocho.com\/it\/wp-json\/wp\/v2\/product"}],"about":[{"href":"https:\/\/www.nubeocho.com\/it\/wp-json\/wp\/v2\/types\/product"}],"wp:featuredmedia":[{"embeddable":true,"href":"https:\/\/www.nubeocho.com\/it\/wp-json\/wp\/v2\/media\/2597"}],"wp:attachment":[{"href":"https:\/\/www.nubeocho.com\/it\/wp-json\/wp\/v2\/media?parent=13421"}],"wp:term":[{"taxonomy":"product_brand","embeddable":true,"href":"https:\/\/www.nubeocho.com\/it\/wp-json\/wp\/v2\/product_brand?post=13421"},{"taxonomy":"product_cat","embeddable":true,"href":"https:\/\/www.nubeocho.com\/it\/wp-json\/wp\/v2\/product_cat?post=13421"},{"taxonomy":"product_tag","embeddable":true,"href":"https:\/\/www.nubeocho.com\/it\/wp-json\/wp\/v2\/product_tag?post=13421"}],"curies":[{"name":"wp","href":"https:\/\/api.w.org\/{rel}","templated":true}]}}