{"id":13134,"date":"2021-05-17T09:33:48","date_gmt":"2021-09-21T08:28:56","guid":{"rendered":"https:\/\/www.nubeocho.com?post_type=product&#038;p=13134"},"modified":"2022-01-04T12:27:57","modified_gmt":"2022-01-04T11:27:57","slug":"piccino-e-io","status":"publish","type":"product","link":"https:\/\/www.nubeocho.com\/it\/prodotto\/piccino-e-io\/","title":{"rendered":"Piccino e io"},"content":{"rendered":"<p>Quando Piccino \u00e8 morto, a casa eravamo tutti molto tristi. Il giorno dopo, una nuvola ha cominciato a seguirmi dappertutto, mi \u00e8 entrato il sapone negli occhi e, come se non bastasse, un polipo mi si \u00e8 aggrappato al cuore.<\/p>\n<p>I ricordi e l\u2019affetto possono aiutarci a superare una perdita.<\/p>\n<p>Con il testo di Alicia Acosta, psicologa e affermata scrittrice di libri per bambini.<\/p>\n","protected":false},"excerpt":{"rendered":"<p>La perdita di un cane rappresenta un momento molto doloroso, in cui i ricordi e l\u2019affetto possono essere di grande aiuto. <em>Piccino e io<\/em> \u00e8 un libro poetico e delicato per aiutare i pi\u00f9 piccoli, ma anche gli adulti, ad affrontare la morte.<\/p>\n","protected":false},"featured_media":14790,"template":"","meta":[],"product_brand":[],"product_cat":[761,733],"product_tag":[1603,1622,1628,1646],"class_list":{"0":"post-13134","1":"product","2":"type-product","3":"status-publish","4":"has-post-thumbnail","6":"colecciones-collana-siamo8-it","7":"edades-4-it","8":"product_cat-albo-illustrato","9":"product_cat-catalogo-it","10":"product_tag-amicizia-it-2","11":"product_tag-emozioni-it","12":"product_tag-famiglia-it","13":"product_tag-per-riflettere-it","15":"first","16":"instock","17":"taxable","18":"shipping-taxable","19":"product-type-simple"},"acf":[],"_links":{"self":[{"href":"https:\/\/www.nubeocho.com\/it\/wp-json\/wp\/v2\/product\/13134","targetHints":{"allow":["GET"]}}],"collection":[{"href":"https:\/\/www.nubeocho.com\/it\/wp-json\/wp\/v2\/product"}],"about":[{"href":"https:\/\/www.nubeocho.com\/it\/wp-json\/wp\/v2\/types\/product"}],"wp:featuredmedia":[{"embeddable":true,"href":"https:\/\/www.nubeocho.com\/it\/wp-json\/wp\/v2\/media\/14790"}],"wp:attachment":[{"href":"https:\/\/www.nubeocho.com\/it\/wp-json\/wp\/v2\/media?parent=13134"}],"wp:term":[{"taxonomy":"product_brand","embeddable":true,"href":"https:\/\/www.nubeocho.com\/it\/wp-json\/wp\/v2\/product_brand?post=13134"},{"taxonomy":"product_cat","embeddable":true,"href":"https:\/\/www.nubeocho.com\/it\/wp-json\/wp\/v2\/product_cat?post=13134"},{"taxonomy":"product_tag","embeddable":true,"href":"https:\/\/www.nubeocho.com\/it\/wp-json\/wp\/v2\/product_tag?post=13134"}],"curies":[{"name":"wp","href":"https:\/\/api.w.org\/{rel}","templated":true}]}}