{"id":12650,"date":"2021-02-15T11:55:01","date_gmt":"2021-02-15T10:55:01","guid":{"rendered":"https:\/\/www.nubeocho.com?post_type=product&#038;p=12650"},"modified":"2021-11-18T12:18:13","modified_gmt":"2021-11-18T11:18:13","slug":"il-mostro-piu-brutto-del-mondo","status":"publish","type":"product","link":"https:\/\/www.nubeocho.com\/it\/prodotto\/il-mostro-piu-brutto-del-mondo\/","title":{"rendered":"Il mostro pi\u00f9 brutto del mondo"},"content":{"rendered":"<p>C\u2019\u00e8 un mostro che dice di essere il pi\u00f9 brutto del mondo. Ma ce n\u2019\u00e8 un altro che dice di essere lui, il pi\u00f9 brutto! E cosa succede quando ne arriva un terzo? Forse il modo migliore per scoprirlo \u00e8 guardandosi allo specchio. I tre riusciranno a decidere chi \u00e8 il mostro pi\u00f9 brutto del mondo?<\/p>\n","protected":false},"excerpt":{"rendered":"<p>Tre mostri organizzano un concorso divertentissimo. Chi sar\u00e0 il mostro pi\u00f9 brutto del mondo? Il finale vi sorprender\u00e0.<\/p>\n","protected":false},"featured_media":12651,"template":"","meta":[],"product_brand":[],"product_cat":[761,733],"product_tag":[1603,1634],"class_list":{"0":"post-12650","1":"product","2":"type-product","3":"status-publish","4":"has-post-thumbnail","6":"colecciones-collana-siamo8-it","7":"edades-3-ita","8":"product_cat-albo-illustrato","9":"product_cat-catalogo-it","10":"product_tag-amicizia-it-2","11":"product_tag-umorismo-it","13":"first","14":"instock","15":"taxable","16":"shipping-taxable","17":"product-type-simple"},"acf":[],"_links":{"self":[{"href":"https:\/\/www.nubeocho.com\/it\/wp-json\/wp\/v2\/product\/12650","targetHints":{"allow":["GET"]}}],"collection":[{"href":"https:\/\/www.nubeocho.com\/it\/wp-json\/wp\/v2\/product"}],"about":[{"href":"https:\/\/www.nubeocho.com\/it\/wp-json\/wp\/v2\/types\/product"}],"wp:featuredmedia":[{"embeddable":true,"href":"https:\/\/www.nubeocho.com\/it\/wp-json\/wp\/v2\/media\/12651"}],"wp:attachment":[{"href":"https:\/\/www.nubeocho.com\/it\/wp-json\/wp\/v2\/media?parent=12650"}],"wp:term":[{"taxonomy":"product_brand","embeddable":true,"href":"https:\/\/www.nubeocho.com\/it\/wp-json\/wp\/v2\/product_brand?post=12650"},{"taxonomy":"product_cat","embeddable":true,"href":"https:\/\/www.nubeocho.com\/it\/wp-json\/wp\/v2\/product_cat?post=12650"},{"taxonomy":"product_tag","embeddable":true,"href":"https:\/\/www.nubeocho.com\/it\/wp-json\/wp\/v2\/product_tag?post=12650"}],"curies":[{"name":"wp","href":"https:\/\/api.w.org\/{rel}","templated":true}]}}