{"id":11199,"date":"2017-03-06T16:41:59","date_gmt":"2017-03-06T15:41:59","guid":{"rendered":"https:\/\/www.nubeocho.comproducto\/cosa-succede-a-uma-ita\/"},"modified":"2023-11-15T10:32:02","modified_gmt":"2023-11-15T09:32:02","slug":"cosa-succede-a-uma-ita","status":"publish","type":"product","link":"https:\/\/www.nubeocho.com\/it\/prodotto\/cosa-succede-a-uma-ita\/","title":{"rendered":"Cosa succede a Uma?"},"content":{"rendered":"<p>Nessuno sa cosa succeda a Uma. Il suo sguardo si perde nel nulla e i suoi silenzi sono interminabili.<\/p>\n<p>\u00abStar\u00e0 diventando grande\u00bb, pensa sua madre.<\/p>\n<p>Uma \u00e8 triste e la verit\u00e0 \u00e8 che \u00e8 vittima di bullismo.<\/p>\n","protected":false},"excerpt":{"rendered":"<p>Uma \u00e8 triste e nessuno sa cosa le succede. Impariamo a riconoscere il bullismo.<\/p>\n","protected":false},"featured_media":9769,"template":"","meta":[],"product_brand":[],"product_cat":[733,944],"product_tag":[1525],"class_list":{"0":"post-11199","1":"product","2":"type-product","3":"status-publish","4":"has-post-thumbnail","6":"colecciones-collana-egalite-it","7":"edades-6-it","8":"product_cat-catalogo-it","9":"product_cat-narrativa-it","10":"product_tag-bullismo-it","12":"first","13":"instock","14":"product-type-simple"},"acf":[],"_links":{"self":[{"href":"https:\/\/www.nubeocho.com\/it\/wp-json\/wp\/v2\/product\/11199","targetHints":{"allow":["GET"]}}],"collection":[{"href":"https:\/\/www.nubeocho.com\/it\/wp-json\/wp\/v2\/product"}],"about":[{"href":"https:\/\/www.nubeocho.com\/it\/wp-json\/wp\/v2\/types\/product"}],"wp:featuredmedia":[{"embeddable":true,"href":"https:\/\/www.nubeocho.com\/it\/wp-json\/wp\/v2\/media\/9769"}],"wp:attachment":[{"href":"https:\/\/www.nubeocho.com\/it\/wp-json\/wp\/v2\/media?parent=11199"}],"wp:term":[{"taxonomy":"product_brand","embeddable":true,"href":"https:\/\/www.nubeocho.com\/it\/wp-json\/wp\/v2\/product_brand?post=11199"},{"taxonomy":"product_cat","embeddable":true,"href":"https:\/\/www.nubeocho.com\/it\/wp-json\/wp\/v2\/product_cat?post=11199"},{"taxonomy":"product_tag","embeddable":true,"href":"https:\/\/www.nubeocho.com\/it\/wp-json\/wp\/v2\/product_tag?post=11199"}],"curies":[{"name":"wp","href":"https:\/\/api.w.org\/{rel}","templated":true}]}}