{"id":11194,"date":"2018-09-24T18:15:20","date_gmt":"2018-09-06T14:41:59","guid":{"rendered":"https:\/\/www.nubeocho.comproducto\/cos-era-quel-terribile-grrr-ita\/"},"modified":"2021-11-08T11:41:51","modified_gmt":"2021-11-08T10:41:51","slug":"cos-era-quel-terribile-grrr-ita","status":"publish","type":"product","link":"https:\/\/www.nubeocho.com\/it\/prodotto\/cos-era-quel-terribile-grrr-ita\/","title":{"rendered":"Cos&#8217; era terribile GRRR?"},"content":{"rendered":"<p>C&#8217;\u00e8 uno strano rumore in casa, sembra che qualcuno stia ringhiando! A ogni pagina immaginiamo chi possa essere: un enorme animale, un drago, un lombrico gigante\u2026 La risposta sar\u00e0 una sorpresa. A volte i rumori pi\u00f9 strani li pu\u00e8 fare anche qualcuno di molto piccolo. Cos&#8217;era quel terribile &#8220;GRRR&#8221;?<\/p>\n","protected":false},"excerpt":{"rendered":"<p>Che paura! Alla fine, il protagonista scoprir\u00e0 che quei ringhi li fa la sua sorellina piccola, che vuole il suo dinosauro. Grrrrr<\/p>\n","protected":false},"featured_media":9655,"template":"","meta":[],"product_brand":[],"product_cat":[761,733],"product_tag":[1607,1628,1634],"class_list":{"0":"post-11194","1":"product","2":"type-product","3":"status-publish","4":"has-post-thumbnail","6":"colecciones-collana-siamo8-it","7":"edades-3-ita","8":"product_cat-albo-illustrato","9":"product_cat-catalogo-it","10":"product_tag-autori-internazionali-it","11":"product_tag-famiglia-it","12":"product_tag-umorismo-it","14":"first","15":"instock","16":"product-type-simple"},"acf":[],"_links":{"self":[{"href":"https:\/\/www.nubeocho.com\/it\/wp-json\/wp\/v2\/product\/11194","targetHints":{"allow":["GET"]}}],"collection":[{"href":"https:\/\/www.nubeocho.com\/it\/wp-json\/wp\/v2\/product"}],"about":[{"href":"https:\/\/www.nubeocho.com\/it\/wp-json\/wp\/v2\/types\/product"}],"wp:featuredmedia":[{"embeddable":true,"href":"https:\/\/www.nubeocho.com\/it\/wp-json\/wp\/v2\/media\/9655"}],"wp:attachment":[{"href":"https:\/\/www.nubeocho.com\/it\/wp-json\/wp\/v2\/media?parent=11194"}],"wp:term":[{"taxonomy":"product_brand","embeddable":true,"href":"https:\/\/www.nubeocho.com\/it\/wp-json\/wp\/v2\/product_brand?post=11194"},{"taxonomy":"product_cat","embeddable":true,"href":"https:\/\/www.nubeocho.com\/it\/wp-json\/wp\/v2\/product_cat?post=11194"},{"taxonomy":"product_tag","embeddable":true,"href":"https:\/\/www.nubeocho.com\/it\/wp-json\/wp\/v2\/product_tag?post=11194"}],"curies":[{"name":"wp","href":"https:\/\/api.w.org\/{rel}","templated":true}]}}