{"id":11185,"date":"2017-09-18T16:41:37","date_gmt":"2017-05-11T14:41:37","guid":{"rendered":"https:\/\/www.nubeocho.comproducto\/sorpresa-tartaruga-ita\/"},"modified":"2021-11-12T15:53:08","modified_gmt":"2021-11-12T14:53:08","slug":"sorpresa-tartaruga-ita","status":"publish","type":"product","link":"https:\/\/www.nubeocho.com\/it\/prodotto\/sorpresa-tartaruga-ita\/","title":{"rendered":"Una sorpresa per tartaruga"},"content":{"rendered":"<p>Quando quella mattina Tartaruga si specchi\u00f2 nello stagno, si rese conto che il suo guscio era vecchio e consumato. Si rattrist\u00ec, ma poco dopo arriv\u00f2 Uccellino, il suo migliore amico, che aveva un&#8217;idea per aiutarla.<\/p>\n","protected":false},"excerpt":{"rendered":"<p>Tartaruga \u00e8 triste, ma Uccellino ha avuto una grande idea per rallegrare la sua amica.<\/p>\n","protected":false},"featured_media":9301,"template":"","meta":[],"product_brand":[],"product_cat":[761,733],"product_tag":[1603,1622,1646],"class_list":{"0":"post-11185","1":"product","2":"type-product","3":"status-publish","4":"has-post-thumbnail","6":"colecciones-collana-siamo8-it","7":"edades-3-ita","8":"product_cat-albo-illustrato","9":"product_cat-catalogo-it","10":"product_tag-amicizia-it-2","11":"product_tag-emozioni-it","12":"product_tag-per-riflettere-it","14":"first","15":"instock","16":"product-type-simple"},"acf":[],"_links":{"self":[{"href":"https:\/\/www.nubeocho.com\/it\/wp-json\/wp\/v2\/product\/11185","targetHints":{"allow":["GET"]}}],"collection":[{"href":"https:\/\/www.nubeocho.com\/it\/wp-json\/wp\/v2\/product"}],"about":[{"href":"https:\/\/www.nubeocho.com\/it\/wp-json\/wp\/v2\/types\/product"}],"wp:featuredmedia":[{"embeddable":true,"href":"https:\/\/www.nubeocho.com\/it\/wp-json\/wp\/v2\/media\/9301"}],"wp:attachment":[{"href":"https:\/\/www.nubeocho.com\/it\/wp-json\/wp\/v2\/media?parent=11185"}],"wp:term":[{"taxonomy":"product_brand","embeddable":true,"href":"https:\/\/www.nubeocho.com\/it\/wp-json\/wp\/v2\/product_brand?post=11185"},{"taxonomy":"product_cat","embeddable":true,"href":"https:\/\/www.nubeocho.com\/it\/wp-json\/wp\/v2\/product_cat?post=11185"},{"taxonomy":"product_tag","embeddable":true,"href":"https:\/\/www.nubeocho.com\/it\/wp-json\/wp\/v2\/product_tag?post=11185"}],"curies":[{"name":"wp","href":"https:\/\/api.w.org\/{rel}","templated":true}]}}