{"id":11180,"date":"2016-11-14T16:41:37","date_gmt":"2017-05-25T14:41:37","guid":{"rendered":"https:\/\/www.nubeocho.comproducto\/ne-acqua-ne-pane-ita\/"},"modified":"2023-12-13T08:40:51","modified_gmt":"2023-12-13T07:40:51","slug":"ne-acqua-ne-pane-ita","status":"publish","type":"product","link":"https:\/\/www.nubeocho.com\/it\/prodotto\/ne-acqua-ne-pane-ita\/","title":{"rendered":"N\u00e9 acqua n\u00e9 pane"},"content":{"rendered":"<p>Due popoli separati dal filo spinato. Con scarsit\u00e0 di acqua e di pane:<\/p>\n<p>&#8220;&#8221;Mi dispiace, l&#8217;acqua \u00e8 nostra.&#8221;&#8221;<\/p>\n<p>&#8220;&#8221;Mi dispiace, il pane \u00e8 nostro.&#8221;&#8221;<\/p>\n<p>&nbsp;<\/p>\n<p>Un progetto in collaborazione con <a href=\"https:\/\/www.amnesty.it\">Amnesty International Italia<\/a> per la difesa dei diritti umani.<\/p>\n","protected":false},"excerpt":{"rendered":"<p>Un album illustrato che parla dei rifugiati e dell&#8217;empatia. In collaborazione con Amnesty International Italia.<\/p>\n","protected":false},"featured_media":17707,"template":"","meta":[],"product_brand":[],"product_cat":[761,733],"product_tag":[1646],"class_list":{"0":"post-11180","1":"product","2":"type-product","3":"status-publish","4":"has-post-thumbnail","6":"colecciones-collana-egalite-it","7":"edades-4-it","8":"product_cat-albo-illustrato","9":"product_cat-catalogo-it","10":"product_tag-per-riflettere-it","12":"first","13":"instock","14":"product-type-simple"},"acf":[],"_links":{"self":[{"href":"https:\/\/www.nubeocho.com\/it\/wp-json\/wp\/v2\/product\/11180","targetHints":{"allow":["GET"]}}],"collection":[{"href":"https:\/\/www.nubeocho.com\/it\/wp-json\/wp\/v2\/product"}],"about":[{"href":"https:\/\/www.nubeocho.com\/it\/wp-json\/wp\/v2\/types\/product"}],"wp:featuredmedia":[{"embeddable":true,"href":"https:\/\/www.nubeocho.com\/it\/wp-json\/wp\/v2\/media\/17707"}],"wp:attachment":[{"href":"https:\/\/www.nubeocho.com\/it\/wp-json\/wp\/v2\/media?parent=11180"}],"wp:term":[{"taxonomy":"product_brand","embeddable":true,"href":"https:\/\/www.nubeocho.com\/it\/wp-json\/wp\/v2\/product_brand?post=11180"},{"taxonomy":"product_cat","embeddable":true,"href":"https:\/\/www.nubeocho.com\/it\/wp-json\/wp\/v2\/product_cat?post=11180"},{"taxonomy":"product_tag","embeddable":true,"href":"https:\/\/www.nubeocho.com\/it\/wp-json\/wp\/v2\/product_tag?post=11180"}],"curies":[{"name":"wp","href":"https:\/\/api.w.org\/{rel}","templated":true}]}}