{"id":11172,"date":"2018-04-02T16:41:14","date_gmt":"2018-04-02T14:41:14","guid":{"rendered":"https:\/\/www.nubeocho.comproducto\/principesse-coraggiose-ita\/"},"modified":"2022-01-24T10:08:05","modified_gmt":"2022-01-24T09:08:05","slug":"principesse-coraggiose-ita","status":"publish","type":"product","link":"https:\/\/www.nubeocho.com\/it\/prodotto\/principesse-coraggiose-ita\/","title":{"rendered":"La vere principesse coraggiose"},"content":{"rendered":"<p>La principessa Nin \u00e8 una vigile del fuoco e la principessa Zoe un&#8217;astronauta; la principessa Cristina ha una benda sull&#8217;occhio ma \u00e8 un portento a pallacanestro; la principessa Manuela \u00e8 in pensione; la principessa Liang \u00e8 su una sedia a rotella ed \u00e8 una traduttrice.<\/p>\n<p>Queste sono alcune de Le vere principesse coraggiose, vieni a scoprirle e ti accorgerai che intorno a te ce ne sono tante altre.<\/p>\n<p>Ne Le vere principesse coraggiose conoscerai una principessa divorziata, una mamma single, una vedova, una principessa che non pronuncia bene la erre e una che ha l&#8217;apparecchio ai denti.<\/p>\n<p>E voi, conoscete una principessa coraggiosa?<\/p>\n","protected":false},"excerpt":{"rendered":"<p>E voi, conoscete una principessa coraggiosa?<\/p>\n","protected":false},"featured_media":8839,"template":"","meta":[],"product_brand":[],"product_cat":[761,733],"product_tag":[1616,1646,1637],"class_list":{"0":"post-11172","1":"product","2":"type-product","3":"status-publish","4":"has-post-thumbnail","6":"colecciones-collana-egalite-it","7":"edades-4-it","8":"product_cat-albo-illustrato","9":"product_cat-catalogo-it","10":"product_tag-diversita-it","11":"product_tag-per-riflettere-it","12":"product_tag-uguaglianza-feminismo-it","14":"first","15":"instock","16":"product-type-simple"},"acf":[],"_links":{"self":[{"href":"https:\/\/www.nubeocho.com\/it\/wp-json\/wp\/v2\/product\/11172","targetHints":{"allow":["GET"]}}],"collection":[{"href":"https:\/\/www.nubeocho.com\/it\/wp-json\/wp\/v2\/product"}],"about":[{"href":"https:\/\/www.nubeocho.com\/it\/wp-json\/wp\/v2\/types\/product"}],"wp:featuredmedia":[{"embeddable":true,"href":"https:\/\/www.nubeocho.com\/it\/wp-json\/wp\/v2\/media\/8839"}],"wp:attachment":[{"href":"https:\/\/www.nubeocho.com\/it\/wp-json\/wp\/v2\/media?parent=11172"}],"wp:term":[{"taxonomy":"product_brand","embeddable":true,"href":"https:\/\/www.nubeocho.com\/it\/wp-json\/wp\/v2\/product_brand?post=11172"},{"taxonomy":"product_cat","embeddable":true,"href":"https:\/\/www.nubeocho.com\/it\/wp-json\/wp\/v2\/product_cat?post=11172"},{"taxonomy":"product_tag","embeddable":true,"href":"https:\/\/www.nubeocho.com\/it\/wp-json\/wp\/v2\/product_tag?post=11172"}],"curies":[{"name":"wp","href":"https:\/\/api.w.org\/{rel}","templated":true}]}}