{"id":11167,"date":"2016-10-10T10:33:49","date_gmt":"2017-09-21T08:33:49","guid":{"rendered":"https:\/\/www.nubeocho.comproducto\/piccolo-pirata-serafino-ita\/"},"modified":"2024-04-22T10:54:44","modified_gmt":"2024-04-22T08:54:44","slug":"piccolo-pirata-serafino-ita","status":"publish","type":"product","link":"https:\/\/www.nubeocho.com\/it\/prodotto\/piccolo-pirata-serafino-ita\/","title":{"rendered":"Il piccolo pirata Serafino"},"content":{"rendered":"<p>C\u2019era una volta un pirata cos\u00ec piccino, ma cos\u00ec piccino, che tutti quanti lo chiamavano il piccolo pirata Serafino. Un giorno, il Corsaro Valerio Cattiverio lo cattur\u00f2 e lo rinchiuse nella stiva. Il nostro pirata aveva paura, ma un topolino lo aiut\u00f2. E una gabbiana aiut\u00f2 il topolino\u2026<\/p>\n","protected":false},"excerpt":{"rendered":"<p>Anche se sei piccino, puoi fare grandi cose. Proprio come il Pirata Serafino.<\/p>\n","protected":false},"featured_media":7672,"template":"","meta":[],"product_brand":[],"product_cat":[761,733],"product_tag":[1603,1616,1610,1634],"class_list":{"0":"post-11167","1":"product","2":"type-product","3":"status-publish","4":"has-post-thumbnail","6":"colecciones-il-piccolo-pirata-serafino","7":"edades-4-it","8":"product_cat-albo-illustrato","9":"product_cat-catalogo-it","10":"product_tag-amicizia-it-2","11":"product_tag-diversita-it","12":"product_tag-ragazze-e-ragazzi-pirata-it-2","13":"product_tag-umorismo-it","15":"first","16":"instock","17":"product-type-simple"},"acf":[],"_links":{"self":[{"href":"https:\/\/www.nubeocho.com\/it\/wp-json\/wp\/v2\/product\/11167","targetHints":{"allow":["GET"]}}],"collection":[{"href":"https:\/\/www.nubeocho.com\/it\/wp-json\/wp\/v2\/product"}],"about":[{"href":"https:\/\/www.nubeocho.com\/it\/wp-json\/wp\/v2\/types\/product"}],"wp:featuredmedia":[{"embeddable":true,"href":"https:\/\/www.nubeocho.com\/it\/wp-json\/wp\/v2\/media\/7672"}],"wp:attachment":[{"href":"https:\/\/www.nubeocho.com\/it\/wp-json\/wp\/v2\/media?parent=11167"}],"wp:term":[{"taxonomy":"product_brand","embeddable":true,"href":"https:\/\/www.nubeocho.com\/it\/wp-json\/wp\/v2\/product_brand?post=11167"},{"taxonomy":"product_cat","embeddable":true,"href":"https:\/\/www.nubeocho.com\/it\/wp-json\/wp\/v2\/product_cat?post=11167"},{"taxonomy":"product_tag","embeddable":true,"href":"https:\/\/www.nubeocho.com\/it\/wp-json\/wp\/v2\/product_tag?post=11167"}],"curies":[{"name":"wp","href":"https:\/\/api.w.org\/{rel}","templated":true}]}}